{"id":962,"date":"2016-09-23T14:39:33","date_gmt":"2016-09-23T13:39:33","guid":{"rendered":"https:\/\/margola.fr\/?page_id=962"},"modified":"2021-02-11T11:48:38","modified_gmt":"2021-02-11T10:48:38","slug":"ekocryl-bois-satin","status":"publish","type":"page","link":"https:\/\/margola.fr\/eu\/ekocryl-bois-satin\/","title":{"rendered":"EKOCRYL BOIS SATIN"},"content":{"rendered":"<div class=\"wp-block-group\"><div class=\"wp-block-group__inner-container is-layout-flow wp-block-group-is-layout-flow\">\n<div class=\"wp-block-group\"><div class=\"wp-block-group__inner-container is-layout-flow wp-block-group-is-layout-flow\">\n<div class=\"wp-block-group\"><div class=\"wp-block-group__inner-container is-layout-flow wp-block-group-is-layout-flow\">\n<div class=\"wp-block-group\"><div class=\"wp-block-group__inner-container is-layout-flow wp-block-group-is-layout-flow\">\n<p><strong><a href=\"https:\/\/margola.fr\/wp-content\/uploads\/2021\/02\/GuideChoixBois.pdf\" target=\"_blank\" rel=\"noopener\"><img data-recalc-dims=\"1\" loading=\"lazy\" decoding=\"async\" data-attachment-id=\"3641\" data-permalink=\"https:\/\/margola.fr\/eu\/fixalo\/guide-de-choix-3\/\" data-orig-file=\"https:\/\/i0.wp.com\/margola.fr\/wp-content\/uploads\/2021\/02\/GUIDE-DE-CHOIX.jpg?fit=519%2C154&amp;ssl=1\" data-orig-size=\"519,154\" data-comments-opened=\"0\" data-image-meta=\"{&quot;aperture&quot;:&quot;0&quot;,&quot;credit&quot;:&quot;&quot;,&quot;camera&quot;:&quot;&quot;,&quot;caption&quot;:&quot;&quot;,&quot;created_timestamp&quot;:&quot;0&quot;,&quot;copyright&quot;:&quot;&quot;,&quot;focal_length&quot;:&quot;0&quot;,&quot;iso&quot;:&quot;0&quot;,&quot;shutter_speed&quot;:&quot;0&quot;,&quot;title&quot;:&quot;&quot;,&quot;orientation&quot;:&quot;1&quot;}\" data-image-title=\"GUIDE DE CHOIX\" data-image-description=\"\" data-image-caption=\"\" data-large-file=\"https:\/\/i0.wp.com\/margola.fr\/wp-content\/uploads\/2021\/02\/GUIDE-DE-CHOIX.jpg?fit=519%2C154&amp;ssl=1\" class=\"alignright wp-image-3641 size-thumbnail\" title=\"GUIDE DE CHOIX\" src=\"https:\/\/i0.wp.com\/margola.fr\/wp-content\/uploads\/2021\/02\/GUIDE-DE-CHOIX.jpg?resize=150%2C45&#038;ssl=1\" alt=\"Margola, peintures, peinture, vernis, Hasparren, Pays basque, Bayonne, Magasin, Peintres, Peintre\" width=\"150\" height=\"45\" srcset=\"https:\/\/i0.wp.com\/margola.fr\/wp-content\/uploads\/2021\/02\/GUIDE-DE-CHOIX.jpg?resize=150%2C45&amp;ssl=1 150w, https:\/\/i0.wp.com\/margola.fr\/wp-content\/uploads\/2021\/02\/GUIDE-DE-CHOIX.jpg?resize=300%2C89&amp;ssl=1 300w, https:\/\/i0.wp.com\/margola.fr\/wp-content\/uploads\/2021\/02\/GUIDE-DE-CHOIX.jpg?w=519&amp;ssl=1 519w\" sizes=\"auto, (max-width: 150px) 100vw, 150px\" \/><\/a><\/strong><\/p>\n<p><img data-recalc-dims=\"1\" loading=\"lazy\" decoding=\"async\" data-attachment-id=\"757\" data-permalink=\"https:\/\/margola.fr\/eu\/olaprim\/note-iso\/\" data-orig-file=\"https:\/\/i0.wp.com\/margola.fr\/wp-content\/uploads\/2016\/09\/note-iso.jpg?fit=820%2C401&amp;ssl=1\" data-orig-size=\"820,401\" data-comments-opened=\"0\" data-image-meta=\"{&quot;aperture&quot;:&quot;0&quot;,&quot;credit&quot;:&quot;&quot;,&quot;camera&quot;:&quot;&quot;,&quot;caption&quot;:&quot;&quot;,&quot;created_timestamp&quot;:&quot;0&quot;,&quot;copyright&quot;:&quot;&quot;,&quot;focal_length&quot;:&quot;0&quot;,&quot;iso&quot;:&quot;0&quot;,&quot;shutter_speed&quot;:&quot;0&quot;,&quot;title&quot;:&quot;&quot;,&quot;orientation&quot;:&quot;0&quot;}\" data-image-title=\"note-iso\" data-image-description=\"\" data-image-caption=\"\" data-large-file=\"https:\/\/i0.wp.com\/margola.fr\/wp-content\/uploads\/2016\/09\/note-iso.jpg?fit=740%2C362&amp;ssl=1\" class=\"alignleft wp-image-757\" title=\"ISO 16000\" src=\"https:\/\/i0.wp.com\/margola.fr\/wp-content\/uploads\/2016\/09\/note-iso.jpg?resize=75%2C37&#038;ssl=1\" alt=\"note-iso\" width=\"75\" height=\"37\" \/><\/p>\n<h4><img data-recalc-dims=\"1\" loading=\"lazy\" decoding=\"async\" data-attachment-id=\"1151\" data-permalink=\"https:\/\/margola.fr\/eu\/ekocryl-bois-satin\/ekocryl-bois-satin-3\/\" data-orig-file=\"https:\/\/i0.wp.com\/margola.fr\/wp-content\/uploads\/2016\/09\/ekocryl-bois-satin-e1475308462132.jpg?fit=2080%2C2368&amp;ssl=1\" data-orig-size=\"2080,2368\" data-comments-opened=\"0\" data-image-meta=\"{&quot;aperture&quot;:&quot;14&quot;,&quot;credit&quot;:&quot;&quot;,&quot;camera&quot;:&quot;Canon EOS 1000D&quot;,&quot;caption&quot;:&quot;&quot;,&quot;created_timestamp&quot;:&quot;1475255078&quot;,&quot;copyright&quot;:&quot;&quot;,&quot;focal_length&quot;:&quot;48&quot;,&quot;iso&quot;:&quot;400&quot;,&quot;shutter_speed&quot;:&quot;0.001&quot;,&quot;title&quot;:&quot;&quot;,&quot;orientation&quot;:&quot;1&quot;}\" data-image-title=\"EKOCRYL BOIS SATIN\" data-image-description=\"\" data-image-caption=\"\" data-large-file=\"https:\/\/i0.wp.com\/margola.fr\/wp-content\/uploads\/2016\/09\/ekocryl-bois-satin-e1475308462132.jpg?fit=740%2C842&amp;ssl=1\" class=\"alignleft wp-image-1151\" title=\"EKOCRYL BOIS SATIN\" src=\"https:\/\/i0.wp.com\/margola.fr\/wp-content\/uploads\/2016\/09\/ekocryl-bois-satin-e1475308462132.jpg?resize=200%2C228&#038;ssl=1\" alt=\"Ekocryl Bois Satin,Margola, peintures, vernis, Hasparren, Pays basque,magasin, Bayonne\" width=\"200\" height=\"228\" \/><\/h4>\n<p>\u00a0<\/p>\n<p><span style=\"color: #2072ba;\"><strong><img data-recalc-dims=\"1\" loading=\"lazy\" decoding=\"async\" data-attachment-id=\"3583\" data-permalink=\"https:\/\/margola.fr\/eu\/brosse2-2\/\" data-orig-file=\"https:\/\/i0.wp.com\/margola.fr\/wp-content\/uploads\/2021\/02\/BROSSE2.jpg?fit=796%2C796&amp;ssl=1\" data-orig-size=\"796,796\" data-comments-opened=\"0\" data-image-meta=\"{&quot;aperture&quot;:&quot;0&quot;,&quot;credit&quot;:&quot;&quot;,&quot;camera&quot;:&quot;&quot;,&quot;caption&quot;:&quot;&quot;,&quot;created_timestamp&quot;:&quot;0&quot;,&quot;copyright&quot;:&quot;&quot;,&quot;focal_length&quot;:&quot;0&quot;,&quot;iso&quot;:&quot;0&quot;,&quot;shutter_speed&quot;:&quot;0&quot;,&quot;title&quot;:&quot;&quot;,&quot;orientation&quot;:&quot;0&quot;}\" data-image-title=\"BROSSE\" data-image-description=\"&lt;p&gt;BROSSE&lt;\/p&gt;\" data-image-caption=\"&lt;p&gt;BROSSE&lt;\/p&gt;\" data-large-file=\"https:\/\/i0.wp.com\/margola.fr\/wp-content\/uploads\/2021\/02\/BROSSE2.jpg?fit=740%2C740&amp;ssl=1\" class=\"alignnone wp-image-3583\" title=\"BROSSE\" src=\"https:\/\/i0.wp.com\/margola.fr\/wp-content\/uploads\/2021\/02\/BROSSE2.jpg?resize=40%2C40&#038;ssl=1\" alt=\"Margola, peintures, peinture, vernis, Hasparren, Pays basque, Bayonne, Magasin, Peintres, Peintre\" width=\"40\" height=\"40\" srcset=\"https:\/\/i0.wp.com\/margola.fr\/wp-content\/uploads\/2021\/02\/BROSSE2.jpg?w=796&amp;ssl=1 796w, https:\/\/i0.wp.com\/margola.fr\/wp-content\/uploads\/2021\/02\/BROSSE2.jpg?resize=300%2C300&amp;ssl=1 300w, https:\/\/i0.wp.com\/margola.fr\/wp-content\/uploads\/2021\/02\/BROSSE2.jpg?resize=150%2C150&amp;ssl=1 150w, https:\/\/i0.wp.com\/margola.fr\/wp-content\/uploads\/2021\/02\/BROSSE2.jpg?resize=768%2C768&amp;ssl=1 768w\" sizes=\"auto, (max-width: 40px) 100vw, 40px\" \/>\u00a0 \u00a0<img data-recalc-dims=\"1\" loading=\"lazy\" decoding=\"async\" data-attachment-id=\"3589\" data-permalink=\"https:\/\/margola.fr\/eu\/creator-gd-jpeg-v1-0-using-ijg-jpeg-v80-quality-90\/\" data-orig-file=\"https:\/\/i0.wp.com\/margola.fr\/wp-content\/uploads\/2021\/02\/ROULEAU-2.jpg?fit=732%2C704&amp;ssl=1\" data-orig-size=\"732,704\" data-comments-opened=\"0\" data-image-meta=\"{&quot;aperture&quot;:&quot;0&quot;,&quot;credit&quot;:&quot;&quot;,&quot;camera&quot;:&quot;&quot;,&quot;caption&quot;:&quot;CREATOR: gd-jpeg v1.0 (using IJG JPEG v80), quality = 90&quot;,&quot;created_timestamp&quot;:&quot;0&quot;,&quot;copyright&quot;:&quot;&quot;,&quot;focal_length&quot;:&quot;0&quot;,&quot;iso&quot;:&quot;0&quot;,&quot;shutter_speed&quot;:&quot;0&quot;,&quot;title&quot;:&quot;CREATOR: gd-jpeg v1.0 (using IJG JPEG v80), quality = 90&quot;,&quot;orientation&quot;:&quot;0&quot;}\" data-image-title=\"ROULEAU\" data-image-description=\"&lt;p&gt;ROULEAU&lt;\/p&gt;\" data-image-caption=\"\" data-large-file=\"https:\/\/i0.wp.com\/margola.fr\/wp-content\/uploads\/2021\/02\/ROULEAU-2.jpg?fit=732%2C704&amp;ssl=1\" class=\"alignnone wp-image-3589\" title=\"ROULEAU\" src=\"https:\/\/i0.wp.com\/margola.fr\/wp-content\/uploads\/2021\/02\/ROULEAU-2.jpg?resize=42%2C40&#038;ssl=1\" alt=\"Margola, peintures, peinture, vernis, Hasparren, Pays basque, Bayonne, Magasin, Peintres, Peintre\" width=\"42\" height=\"40\" srcset=\"https:\/\/i0.wp.com\/margola.fr\/wp-content\/uploads\/2021\/02\/ROULEAU-2.jpg?w=732&amp;ssl=1 732w, https:\/\/i0.wp.com\/margola.fr\/wp-content\/uploads\/2021\/02\/ROULEAU-2.jpg?resize=300%2C289&amp;ssl=1 300w, https:\/\/i0.wp.com\/margola.fr\/wp-content\/uploads\/2021\/02\/ROULEAU-2.jpg?resize=150%2C144&amp;ssl=1 150w\" sizes=\"auto, (max-width: 42px) 100vw, 42px\" \/>\u00a0 \u00a0<img data-recalc-dims=\"1\" loading=\"lazy\" decoding=\"async\" data-attachment-id=\"3588\" data-permalink=\"https:\/\/margola.fr\/eu\/pistolet2-2\/\" data-orig-file=\"https:\/\/i0.wp.com\/margola.fr\/wp-content\/uploads\/2021\/02\/PISTOLET2.jpg?fit=403%2C400&amp;ssl=1\" data-orig-size=\"403,400\" data-comments-opened=\"0\" data-image-meta=\"{&quot;aperture&quot;:&quot;0&quot;,&quot;credit&quot;:&quot;&quot;,&quot;camera&quot;:&quot;&quot;,&quot;caption&quot;:&quot;&quot;,&quot;created_timestamp&quot;:&quot;0&quot;,&quot;copyright&quot;:&quot;&quot;,&quot;focal_length&quot;:&quot;0&quot;,&quot;iso&quot;:&quot;0&quot;,&quot;shutter_speed&quot;:&quot;0&quot;,&quot;title&quot;:&quot;&quot;,&quot;orientation&quot;:&quot;0&quot;}\" data-image-title=\"PISTOLET\" data-image-description=\"&lt;p&gt;PISTOLET&lt;\/p&gt;\" data-image-caption=\"\" data-large-file=\"https:\/\/i0.wp.com\/margola.fr\/wp-content\/uploads\/2021\/02\/PISTOLET2.jpg?fit=403%2C400&amp;ssl=1\" class=\"alignnone wp-image-3588\" title=\"PISTOLET\" src=\"https:\/\/i0.wp.com\/margola.fr\/wp-content\/uploads\/2021\/02\/PISTOLET2.jpg?resize=40%2C40&#038;ssl=1\" alt=\"Margola, peintures, peinture, vernis, Hasparren, Pays basque, Bayonne, Magasin, Peintres, Peintre\" width=\"40\" height=\"40\" srcset=\"https:\/\/i0.wp.com\/margola.fr\/wp-content\/uploads\/2021\/02\/PISTOLET2.jpg?w=403&amp;ssl=1 403w, https:\/\/i0.wp.com\/margola.fr\/wp-content\/uploads\/2021\/02\/PISTOLET2.jpg?resize=300%2C298&amp;ssl=1 300w, https:\/\/i0.wp.com\/margola.fr\/wp-content\/uploads\/2021\/02\/PISTOLET2.jpg?resize=150%2C150&amp;ssl=1 150w\" sizes=\"auto, (max-width: 40px) 100vw, 40px\" \/>\u00a0 \u00a0<img data-recalc-dims=\"1\" loading=\"lazy\" decoding=\"async\" data-attachment-id=\"3584\" data-permalink=\"https:\/\/margola.fr\/eu\/eau2-2\/\" data-orig-file=\"https:\/\/i0.wp.com\/margola.fr\/wp-content\/uploads\/2021\/02\/EAU2.jpg?fit=1209%2C1209&amp;ssl=1\" data-orig-size=\"1209,1209\" data-comments-opened=\"0\" data-image-meta=\"{&quot;aperture&quot;:&quot;0&quot;,&quot;credit&quot;:&quot;&quot;,&quot;camera&quot;:&quot;&quot;,&quot;caption&quot;:&quot;&quot;,&quot;created_timestamp&quot;:&quot;1612947411&quot;,&quot;copyright&quot;:&quot;(c) Arcady31 | Dreamstime.com&quot;,&quot;focal_length&quot;:&quot;0&quot;,&quot;iso&quot;:&quot;0&quot;,&quot;shutter_speed&quot;:&quot;0&quot;,&quot;title&quot;:&quot;&quot;,&quot;orientation&quot;:&quot;0&quot;}\" data-image-title=\"EAU\" data-image-description=\"&lt;p&gt;EAU&lt;\/p&gt;\" data-image-caption=\"\" data-large-file=\"https:\/\/i0.wp.com\/margola.fr\/wp-content\/uploads\/2021\/02\/EAU2.jpg?fit=740%2C740&amp;ssl=1\" class=\"alignnone wp-image-3584\" title=\"EAU\" src=\"https:\/\/i0.wp.com\/margola.fr\/wp-content\/uploads\/2021\/02\/EAU2.jpg?resize=40%2C40&#038;ssl=1\" alt=\"Margola, peintures, peinture, vernis, Hasparren, Pays basque, Bayonne, Magasin, Peintres, Peintre\" width=\"40\" height=\"40\" srcset=\"https:\/\/i0.wp.com\/margola.fr\/wp-content\/uploads\/2021\/02\/EAU2.jpg?w=1209&amp;ssl=1 1209w, https:\/\/i0.wp.com\/margola.fr\/wp-content\/uploads\/2021\/02\/EAU2.jpg?resize=300%2C300&amp;ssl=1 300w, https:\/\/i0.wp.com\/margola.fr\/wp-content\/uploads\/2021\/02\/EAU2.jpg?resize=1024%2C1024&amp;ssl=1 1024w, https:\/\/i0.wp.com\/margola.fr\/wp-content\/uploads\/2021\/02\/EAU2.jpg?resize=150%2C150&amp;ssl=1 150w, https:\/\/i0.wp.com\/margola.fr\/wp-content\/uploads\/2021\/02\/EAU2.jpg?resize=768%2C768&amp;ssl=1 768w\" sizes=\"auto, (max-width: 40px) 100vw, 40px\" \/>\u00a0 \u00a0<img data-recalc-dims=\"1\" loading=\"lazy\" decoding=\"async\" data-attachment-id=\"3586\" data-permalink=\"https:\/\/margola.fr\/eu\/int-ext-2\/\" data-orig-file=\"https:\/\/i0.wp.com\/margola.fr\/wp-content\/uploads\/2021\/02\/INT-EXT.jpg?fit=532%2C532&amp;ssl=1\" data-orig-size=\"532,532\" data-comments-opened=\"0\" data-image-meta=\"{&quot;aperture&quot;:&quot;0&quot;,&quot;credit&quot;:&quot;&quot;,&quot;camera&quot;:&quot;&quot;,&quot;caption&quot;:&quot;&quot;,&quot;created_timestamp&quot;:&quot;0&quot;,&quot;copyright&quot;:&quot;&quot;,&quot;focal_length&quot;:&quot;0&quot;,&quot;iso&quot;:&quot;0&quot;,&quot;shutter_speed&quot;:&quot;0&quot;,&quot;title&quot;:&quot;&quot;,&quot;orientation&quot;:&quot;1&quot;}\" data-image-title=\"INT \/ EXT\" data-image-description=\"&lt;p&gt;INT \/ EXT&lt;\/p&gt;\" data-image-caption=\"\" data-large-file=\"https:\/\/i0.wp.com\/margola.fr\/wp-content\/uploads\/2021\/02\/INT-EXT.jpg?fit=532%2C532&amp;ssl=1\" class=\"alignnone wp-image-3586\" title=\"INT\u00c9RIEUR - EXT\u00c9RIEUR\" src=\"https:\/\/i0.wp.com\/margola.fr\/wp-content\/uploads\/2021\/02\/INT-EXT.jpg?resize=40%2C40&#038;ssl=1\" alt=\"Margola, peintures, peinture, vernis, Hasparren, Pays basque, Bayonne, Magasin, Peintres, Peintre\" width=\"40\" height=\"40\" srcset=\"https:\/\/i0.wp.com\/margola.fr\/wp-content\/uploads\/2021\/02\/INT-EXT.jpg?w=532&amp;ssl=1 532w, https:\/\/i0.wp.com\/margola.fr\/wp-content\/uploads\/2021\/02\/INT-EXT.jpg?resize=300%2C300&amp;ssl=1 300w, https:\/\/i0.wp.com\/margola.fr\/wp-content\/uploads\/2021\/02\/INT-EXT.jpg?resize=150%2C150&amp;ssl=1 150w\" sizes=\"auto, (max-width: 40px) 100vw, 40px\" \/><\/strong><\/span>\u00a0 \u00a0 \u00a0 \u00a0 \u00a0 \u00a0 \u00a0 \u00a0 \u00a0 \u00a0 \u00a0 \u00a0 \u00a0 \u00a0 \u00a0 \u00a0\u00a0<\/p>\n<p><span style=\"color: #000000;\">Finition acrylique pour bois et autres supports sauf m\u00e9taux ferreux.<\/span><\/p>\n<p>\u00a0<\/p>\n<p><strong>Propri\u00e9t\u00e9s<br \/><\/strong>&#8211; Aspect satin\u00e9 \u00e0 semi brillant<br \/>&#8211; Sans odeur solvant<br \/>&#8211; Microporeux<br \/>&#8211; Tr\u00e8s garnissant<\/p>\n<p><strong>Teintes<br \/><\/strong>Blanc, Rouge Basque, Rouge Baigorri, Rouge RAL 3004, Vert Basque, Vert Bronze, Vert RAL 6005, Brun Basque, Ton Bois et Bleu Fontarrabie.<br \/><strong>Autres teintes sur commande.<\/strong><\/p>\n<p><strong>Conditionnement<br \/><\/strong>3kg, 5kg et 10kg.<\/p>\n<p><strong>Mat\u00e9riel d&rsquo;application<\/strong><br \/>Brosse, Rouleau, Pistolet.<\/p>\n<p><strong>Dilution et Nettoyage des outils<\/strong><br \/>Eau.<\/p>\n<p><strong><br \/>Fiche technique et fiche de s\u00e9curit\u00e9 disponibles sur demande.<\/strong><\/p>\n<\/div><\/div>\n<\/div><\/div>\n<\/div><\/div>\n<\/div><\/div>","protected":false},"excerpt":{"rendered":"<p>\u00a0 \u00a0 \u00a0\u00a0 \u00a0\u00a0 \u00a0\u00a0 \u00a0\u00a0 \u00a0 \u00a0 \u00a0 \u00a0 \u00a0 \u00a0 \u00a0 \u00a0 \u00a0 \u00a0 \u00a0 \u00a0 \u00a0 \u00a0 \u00a0\u00a0 Finition acrylique pour bois et autres supports sauf m\u00e9taux ferreux. \u00a0 Propri\u00e9t\u00e9s&#8211; Aspect satin\u00e9 \u00e0 semi brillant&#8211; Sans odeur solvant&#8211; Microporeux&#8211; Tr\u00e8s garnissant TeintesBlanc, Rouge Basque, Rouge Baigorri, Rouge RAL 3004, Vert Basque, Vert &hellip; <a href=\"https:\/\/margola.fr\/eu\/ekocryl-bois-satin\/\" class=\"more-link\">Continue reading <span class=\"screen-reader-text\">EKOCRYL BOIS SATIN<\/span><\/a><\/p>","protected":false},"author":1,"featured_media":0,"parent":0,"menu_order":0,"comment_status":"closed","ping_status":"closed","template":"","meta":{"_coblocks_attr":"","_coblocks_dimensions":"","_coblocks_responsive_height":"","_coblocks_accordion_ie_support":"","_crdt_document":"","footnotes":""},"class_list":["post-962","page","type-page","status-publish","hentry"],"yoast_head":"<!-- This site is optimized with the Yoast SEO plugin v27.3 - https:\/\/yoast.com\/product\/yoast-seo-wordpress\/ -->\n<title>EKOCRYL BOIS SATIN - MARGOLA, Fabricant de peintures et vernis en PAYS BASQUE depuis 1988<\/title>\n<meta name=\"robots\" content=\"index, follow, max-snippet:-1, max-image-preview:large, max-video-preview:-1\" \/>\n<link rel=\"canonical\" href=\"https:\/\/margola.fr\/eu\/ekocryl-bois-satin\/\" \/>\n<meta property=\"og:locale\" content=\"en_US\" \/>\n<meta property=\"og:type\" content=\"article\" \/>\n<meta property=\"og:title\" content=\"EKOCRYL BOIS SATIN - MARGOLA, Fabricant de peintures et vernis en PAYS BASQUE depuis 1988\" \/>\n<meta property=\"og:description\" content=\"\u00a0 \u00a0 \u00a0\u00a0 \u00a0\u00a0 \u00a0\u00a0 \u00a0\u00a0 \u00a0 \u00a0 \u00a0 \u00a0 \u00a0 \u00a0 \u00a0 \u00a0 \u00a0 \u00a0 \u00a0 \u00a0 \u00a0 \u00a0 \u00a0\u00a0 Finition acrylique pour bois et autres supports sauf m\u00e9taux ferreux. \u00a0 Propri\u00e9t\u00e9s&#8211; Aspect satin\u00e9 \u00e0 semi brillant&#8211; Sans odeur solvant&#8211; Microporeux&#8211; Tr\u00e8s garnissant TeintesBlanc, Rouge Basque, Rouge Baigorri, Rouge RAL 3004, Vert Basque, Vert &hellip; Continue reading EKOCRYL BOIS SATIN\" \/>\n<meta property=\"og:url\" content=\"https:\/\/margola.fr\/eu\/ekocryl-bois-satin\/\" \/>\n<meta property=\"og:site_name\" content=\"MARGOLA, Fabricant de peintures et vernis en PAYS BASQUE depuis 1988\" \/>\n<meta property=\"article:modified_time\" content=\"2021-02-11T10:48:38+00:00\" \/>\n<meta property=\"og:image\" content=\"https:\/\/margola.fr\/wp-content\/uploads\/2021\/02\/GUIDE-DE-CHOIX-150x45.jpg\" \/>\n<meta name=\"twitter:card\" content=\"summary_large_image\" \/>\n<script type=\"application\/ld+json\" class=\"yoast-schema-graph\">{\"@context\":\"https:\\\/\\\/schema.org\",\"@graph\":[{\"@type\":\"WebPage\",\"@id\":\"https:\\\/\\\/margola.fr\\\/ekocryl-bois-satin\\\/\",\"url\":\"https:\\\/\\\/margola.fr\\\/ekocryl-bois-satin\\\/\",\"name\":\"EKOCRYL BOIS SATIN - MARGOLA, Fabricant de peintures et vernis en PAYS BASQUE depuis 1988\",\"isPartOf\":{\"@id\":\"https:\\\/\\\/margola.fr\\\/#website\"},\"primaryImageOfPage\":{\"@id\":\"https:\\\/\\\/margola.fr\\\/ekocryl-bois-satin\\\/#primaryimage\"},\"image\":{\"@id\":\"https:\\\/\\\/margola.fr\\\/ekocryl-bois-satin\\\/#primaryimage\"},\"thumbnailUrl\":\"https:\\\/\\\/margola.fr\\\/wp-content\\\/uploads\\\/2021\\\/02\\\/GUIDE-DE-CHOIX-150x45.jpg\",\"datePublished\":\"2016-09-23T13:39:33+00:00\",\"dateModified\":\"2021-02-11T10:48:38+00:00\",\"breadcrumb\":{\"@id\":\"https:\\\/\\\/margola.fr\\\/ekocryl-bois-satin\\\/#breadcrumb\"},\"inLanguage\":\"eu\",\"potentialAction\":[{\"@type\":\"ReadAction\",\"target\":[\"https:\\\/\\\/margola.fr\\\/ekocryl-bois-satin\\\/\"]}]},{\"@type\":\"ImageObject\",\"inLanguage\":\"eu\",\"@id\":\"https:\\\/\\\/margola.fr\\\/ekocryl-bois-satin\\\/#primaryimage\",\"url\":\"https:\\\/\\\/margola.fr\\\/wp-content\\\/uploads\\\/2021\\\/02\\\/GUIDE-DE-CHOIX-150x45.jpg\",\"contentUrl\":\"https:\\\/\\\/margola.fr\\\/wp-content\\\/uploads\\\/2021\\\/02\\\/GUIDE-DE-CHOIX-150x45.jpg\"},{\"@type\":\"BreadcrumbList\",\"@id\":\"https:\\\/\\\/margola.fr\\\/ekocryl-bois-satin\\\/#breadcrumb\",\"itemListElement\":[{\"@type\":\"ListItem\",\"position\":1,\"name\":\"Accueil\",\"item\":\"https:\\\/\\\/margola.fr\\\/\"},{\"@type\":\"ListItem\",\"position\":2,\"name\":\"EKOCRYL BOIS SATIN\"}]},{\"@type\":\"WebSite\",\"@id\":\"https:\\\/\\\/margola.fr\\\/#website\",\"url\":\"https:\\\/\\\/margola.fr\\\/\",\"name\":\"MARGOLA, Fabricant de peintures et vernis en PAYS BASQUE depuis 1988\",\"description\":\"\",\"publisher\":{\"@id\":\"https:\\\/\\\/margola.fr\\\/#organization\"},\"potentialAction\":[{\"@type\":\"SearchAction\",\"target\":{\"@type\":\"EntryPoint\",\"urlTemplate\":\"https:\\\/\\\/margola.fr\\\/?s={search_term_string}\"},\"query-input\":{\"@type\":\"PropertyValueSpecification\",\"valueRequired\":true,\"valueName\":\"search_term_string\"}}],\"inLanguage\":\"eu\"},{\"@type\":\"Organization\",\"@id\":\"https:\\\/\\\/margola.fr\\\/#organization\",\"name\":\"MARGOLA\",\"url\":\"https:\\\/\\\/margola.fr\\\/\",\"logo\":{\"@type\":\"ImageObject\",\"inLanguage\":\"eu\",\"@id\":\"https:\\\/\\\/margola.fr\\\/#\\\/schema\\\/logo\\\/image\\\/\",\"url\":\"https:\\\/\\\/i0.wp.com\\\/margola.fr\\\/wp-content\\\/uploads\\\/2022\\\/01\\\/Logo-MARGOLA-Neutre.png?fit=1665%2C543&ssl=1\",\"contentUrl\":\"https:\\\/\\\/i0.wp.com\\\/margola.fr\\\/wp-content\\\/uploads\\\/2022\\\/01\\\/Logo-MARGOLA-Neutre.png?fit=1665%2C543&ssl=1\",\"width\":1665,\"height\":543,\"caption\":\"MARGOLA\"},\"image\":{\"@id\":\"https:\\\/\\\/margola.fr\\\/#\\\/schema\\\/logo\\\/image\\\/\"}}]}<\/script>\n<!-- \/ Yoast SEO plugin. -->","yoast_head_json":{"title":"EKOCRYL BOIS SATIN - MARGOLA, Fabricant de peintures et vernis en PAYS BASQUE depuis 1988","robots":{"index":"index","follow":"follow","max-snippet":"max-snippet:-1","max-image-preview":"max-image-preview:large","max-video-preview":"max-video-preview:-1"},"canonical":"https:\/\/margola.fr\/eu\/ekocryl-bois-satin\/","og_locale":"en_US","og_type":"article","og_title":"EKOCRYL BOIS SATIN - MARGOLA, Fabricant de peintures et vernis en PAYS BASQUE depuis 1988","og_description":"\u00a0 \u00a0 \u00a0\u00a0 \u00a0\u00a0 \u00a0\u00a0 \u00a0\u00a0 \u00a0 \u00a0 \u00a0 \u00a0 \u00a0 \u00a0 \u00a0 \u00a0 \u00a0 \u00a0 \u00a0 \u00a0 \u00a0 \u00a0 \u00a0\u00a0 Finition acrylique pour bois et autres supports sauf m\u00e9taux ferreux. \u00a0 Propri\u00e9t\u00e9s&#8211; Aspect satin\u00e9 \u00e0 semi brillant&#8211; Sans odeur solvant&#8211; Microporeux&#8211; Tr\u00e8s garnissant TeintesBlanc, Rouge Basque, Rouge Baigorri, Rouge RAL 3004, Vert Basque, Vert &hellip; Continue reading EKOCRYL BOIS SATIN","og_url":"https:\/\/margola.fr\/eu\/ekocryl-bois-satin\/","og_site_name":"MARGOLA, Fabricant de peintures et vernis en PAYS BASQUE depuis 1988","article_modified_time":"2021-02-11T10:48:38+00:00","og_image":[{"url":"https:\/\/margola.fr\/wp-content\/uploads\/2021\/02\/GUIDE-DE-CHOIX-150x45.jpg","type":"","width":"","height":""}],"twitter_card":"summary_large_image","schema":{"@context":"https:\/\/schema.org","@graph":[{"@type":"WebPage","@id":"https:\/\/margola.fr\/ekocryl-bois-satin\/","url":"https:\/\/margola.fr\/ekocryl-bois-satin\/","name":"EKOCRYL BOIS SATIN - MARGOLA, Fabricant de peintures et vernis en PAYS BASQUE depuis 1988","isPartOf":{"@id":"https:\/\/margola.fr\/#website"},"primaryImageOfPage":{"@id":"https:\/\/margola.fr\/ekocryl-bois-satin\/#primaryimage"},"image":{"@id":"https:\/\/margola.fr\/ekocryl-bois-satin\/#primaryimage"},"thumbnailUrl":"https:\/\/margola.fr\/wp-content\/uploads\/2021\/02\/GUIDE-DE-CHOIX-150x45.jpg","datePublished":"2016-09-23T13:39:33+00:00","dateModified":"2021-02-11T10:48:38+00:00","breadcrumb":{"@id":"https:\/\/margola.fr\/ekocryl-bois-satin\/#breadcrumb"},"inLanguage":"eu","potentialAction":[{"@type":"ReadAction","target":["https:\/\/margola.fr\/ekocryl-bois-satin\/"]}]},{"@type":"ImageObject","inLanguage":"eu","@id":"https:\/\/margola.fr\/ekocryl-bois-satin\/#primaryimage","url":"https:\/\/margola.fr\/wp-content\/uploads\/2021\/02\/GUIDE-DE-CHOIX-150x45.jpg","contentUrl":"https:\/\/margola.fr\/wp-content\/uploads\/2021\/02\/GUIDE-DE-CHOIX-150x45.jpg"},{"@type":"BreadcrumbList","@id":"https:\/\/margola.fr\/ekocryl-bois-satin\/#breadcrumb","itemListElement":[{"@type":"ListItem","position":1,"name":"Accueil","item":"https:\/\/margola.fr\/"},{"@type":"ListItem","position":2,"name":"EKOCRYL BOIS SATIN"}]},{"@type":"WebSite","@id":"https:\/\/margola.fr\/#website","url":"https:\/\/margola.fr\/","name":"MARGOLA, Tindu eta berniza fabrikante 1988az geroztik","description":"","publisher":{"@id":"https:\/\/margola.fr\/#organization"},"potentialAction":[{"@type":"SearchAction","target":{"@type":"EntryPoint","urlTemplate":"https:\/\/margola.fr\/?s={search_term_string}"},"query-input":{"@type":"PropertyValueSpecification","valueRequired":true,"valueName":"search_term_string"}}],"inLanguage":"eu"},{"@type":"Organization","@id":"https:\/\/margola.fr\/#organization","name":"MARGOLA","url":"https:\/\/margola.fr\/","logo":{"@type":"ImageObject","inLanguage":"eu","@id":"https:\/\/margola.fr\/#\/schema\/logo\/image\/","url":"https:\/\/i0.wp.com\/margola.fr\/wp-content\/uploads\/2022\/01\/Logo-MARGOLA-Neutre.png?fit=1665%2C543&ssl=1","contentUrl":"https:\/\/i0.wp.com\/margola.fr\/wp-content\/uploads\/2022\/01\/Logo-MARGOLA-Neutre.png?fit=1665%2C543&ssl=1","width":1665,"height":543,"caption":"MARGOLA"},"image":{"@id":"https:\/\/margola.fr\/#\/schema\/logo\/image\/"}}]}},"jetpack_sharing_enabled":true,"jetpack_shortlink":"https:\/\/wp.me\/P74502-fw","jetpack_likes_enabled":true,"amp_enabled":true,"_links":{"self":[{"href":"https:\/\/margola.fr\/eu\/wp-json\/wp\/v2\/pages\/962","targetHints":{"allow":["GET"]}}],"collection":[{"href":"https:\/\/margola.fr\/eu\/wp-json\/wp\/v2\/pages"}],"about":[{"href":"https:\/\/margola.fr\/eu\/wp-json\/wp\/v2\/types\/page"}],"author":[{"embeddable":true,"href":"https:\/\/margola.fr\/eu\/wp-json\/wp\/v2\/users\/1"}],"replies":[{"embeddable":true,"href":"https:\/\/margola.fr\/eu\/wp-json\/wp\/v2\/comments?post=962"}],"version-history":[{"count":6,"href":"https:\/\/margola.fr\/eu\/wp-json\/wp\/v2\/pages\/962\/revisions"}],"predecessor-version":[{"id":3825,"href":"https:\/\/margola.fr\/eu\/wp-json\/wp\/v2\/pages\/962\/revisions\/3825"}],"wp:attachment":[{"href":"https:\/\/margola.fr\/eu\/wp-json\/wp\/v2\/media?parent=962"}],"curies":[{"name":"wp","href":"https:\/\/api.w.org\/{rel}","templated":true}]}}