{"id":832,"date":"2016-09-21T13:47:27","date_gmt":"2016-09-21T12:47:27","guid":{"rendered":"https:\/\/margola.fr\/?page_id=832"},"modified":"2022-01-13T10:50:26","modified_gmt":"2022-01-13T09:50:26","slug":"ekomat","status":"publish","type":"page","link":"https:\/\/margola.fr\/eu\/ekomat\/","title":{"rendered":"EKOMAT"},"content":{"rendered":"<div class=\"wp-block-group\"><div class=\"wp-block-group__inner-container is-layout-flow wp-block-group-is-layout-flow\">\n<p>\u00a0<\/p>\n<p><img data-recalc-dims=\"1\" loading=\"lazy\" decoding=\"async\" data-attachment-id=\"757\" data-permalink=\"https:\/\/margola.fr\/eu\/olaprim\/note-iso\/\" data-orig-file=\"https:\/\/i0.wp.com\/margola.fr\/wp-content\/uploads\/2016\/09\/note-iso.jpg?fit=820%2C401&amp;ssl=1\" data-orig-size=\"820,401\" data-comments-opened=\"0\" data-image-meta=\"{&quot;aperture&quot;:&quot;0&quot;,&quot;credit&quot;:&quot;&quot;,&quot;camera&quot;:&quot;&quot;,&quot;caption&quot;:&quot;&quot;,&quot;created_timestamp&quot;:&quot;0&quot;,&quot;copyright&quot;:&quot;&quot;,&quot;focal_length&quot;:&quot;0&quot;,&quot;iso&quot;:&quot;0&quot;,&quot;shutter_speed&quot;:&quot;0&quot;,&quot;title&quot;:&quot;&quot;,&quot;orientation&quot;:&quot;0&quot;}\" data-image-title=\"note-iso\" data-image-description=\"\" data-image-caption=\"\" data-large-file=\"https:\/\/i0.wp.com\/margola.fr\/wp-content\/uploads\/2016\/09\/note-iso.jpg?fit=740%2C362&amp;ssl=1\" class=\"alignleft wp-image-757\" title=\"ISO 16000\" src=\"https:\/\/i0.wp.com\/margola.fr\/wp-content\/uploads\/2016\/09\/note-iso.jpg?resize=75%2C37&#038;ssl=1\" alt=\"note-iso\" width=\"75\" height=\"37\" \/><\/p>\n<h4><strong><span style=\"color: #000000;\"><img data-recalc-dims=\"1\" loading=\"lazy\" decoding=\"async\" data-attachment-id=\"1203\" data-permalink=\"https:\/\/margola.fr\/eu\/ekomat\/ekomat-3\/\" data-orig-file=\"https:\/\/i0.wp.com\/margola.fr\/wp-content\/uploads\/2016\/09\/ekomat-e1475510885453.jpg?fit=2397%2C3280&amp;ssl=1\" data-orig-size=\"2397,3280\" data-comments-opened=\"0\" data-image-meta=\"{&quot;aperture&quot;:&quot;13&quot;,&quot;credit&quot;:&quot;&quot;,&quot;camera&quot;:&quot;Canon EOS 1000D&quot;,&quot;caption&quot;:&quot;&quot;,&quot;created_timestamp&quot;:&quot;1475254751&quot;,&quot;copyright&quot;:&quot;&quot;,&quot;focal_length&quot;:&quot;48&quot;,&quot;iso&quot;:&quot;400&quot;,&quot;shutter_speed&quot;:&quot;0.001&quot;,&quot;title&quot;:&quot;&quot;,&quot;orientation&quot;:&quot;1&quot;}\" data-image-title=\"EKOMAT\" data-image-description=\"\" data-image-caption=\"\" data-large-file=\"https:\/\/i0.wp.com\/margola.fr\/wp-content\/uploads\/2016\/09\/ekomat-e1475510885453.jpg?fit=740%2C1013&amp;ssl=1\" class=\"alignleft wp-image-1203\" title=\"EKOMAT\" src=\"https:\/\/i0.wp.com\/margola.fr\/wp-content\/uploads\/2016\/09\/ekomat-e1475510885453.jpg?resize=200%2C274&#038;ssl=1\" alt=\"EKOMAT,Margola, peintures, vernis, Hasparren, Pays basque,magasin, Bayonne\" width=\"200\" height=\"274\" \/><\/span><\/strong><\/h4>\n<p>\u00a0<\/p>\n<p><span style=\"color: #2072ba;\"><strong><img data-recalc-dims=\"1\" loading=\"lazy\" decoding=\"async\" data-attachment-id=\"3583\" data-permalink=\"https:\/\/margola.fr\/eu\/brosse2-2\/\" data-orig-file=\"https:\/\/i0.wp.com\/margola.fr\/wp-content\/uploads\/2021\/02\/BROSSE2.jpg?fit=796%2C796&amp;ssl=1\" data-orig-size=\"796,796\" data-comments-opened=\"0\" data-image-meta=\"{&quot;aperture&quot;:&quot;0&quot;,&quot;credit&quot;:&quot;&quot;,&quot;camera&quot;:&quot;&quot;,&quot;caption&quot;:&quot;&quot;,&quot;created_timestamp&quot;:&quot;0&quot;,&quot;copyright&quot;:&quot;&quot;,&quot;focal_length&quot;:&quot;0&quot;,&quot;iso&quot;:&quot;0&quot;,&quot;shutter_speed&quot;:&quot;0&quot;,&quot;title&quot;:&quot;&quot;,&quot;orientation&quot;:&quot;0&quot;}\" data-image-title=\"BROSSE\" data-image-description=\"&lt;p&gt;BROSSE&lt;\/p&gt;\" data-image-caption=\"&lt;p&gt;BROSSE&lt;\/p&gt;\" data-large-file=\"https:\/\/i0.wp.com\/margola.fr\/wp-content\/uploads\/2021\/02\/BROSSE2.jpg?fit=740%2C740&amp;ssl=1\" class=\"alignnone wp-image-3583\" title=\"BROSSE\" src=\"https:\/\/i0.wp.com\/margola.fr\/wp-content\/uploads\/2021\/02\/BROSSE2.jpg?resize=40%2C40&#038;ssl=1\" alt=\"Margola, peintures, peinture, vernis, Hasparren, Pays basque, Bayonne, Magasin, Peintres, Peintre\" width=\"40\" height=\"40\" srcset=\"https:\/\/i0.wp.com\/margola.fr\/wp-content\/uploads\/2021\/02\/BROSSE2.jpg?w=796&amp;ssl=1 796w, https:\/\/i0.wp.com\/margola.fr\/wp-content\/uploads\/2021\/02\/BROSSE2.jpg?resize=300%2C300&amp;ssl=1 300w, https:\/\/i0.wp.com\/margola.fr\/wp-content\/uploads\/2021\/02\/BROSSE2.jpg?resize=150%2C150&amp;ssl=1 150w, https:\/\/i0.wp.com\/margola.fr\/wp-content\/uploads\/2021\/02\/BROSSE2.jpg?resize=768%2C768&amp;ssl=1 768w\" sizes=\"auto, (max-width: 40px) 100vw, 40px\" \/>\u00a0 \u00a0<\/strong><strong><img data-recalc-dims=\"1\" loading=\"lazy\" decoding=\"async\" data-attachment-id=\"3589\" data-permalink=\"https:\/\/margola.fr\/eu\/creator-gd-jpeg-v1-0-using-ijg-jpeg-v80-quality-90\/\" data-orig-file=\"https:\/\/i0.wp.com\/margola.fr\/wp-content\/uploads\/2021\/02\/ROULEAU-2.jpg?fit=732%2C704&amp;ssl=1\" data-orig-size=\"732,704\" data-comments-opened=\"0\" data-image-meta=\"{&quot;aperture&quot;:&quot;0&quot;,&quot;credit&quot;:&quot;&quot;,&quot;camera&quot;:&quot;&quot;,&quot;caption&quot;:&quot;CREATOR: gd-jpeg v1.0 (using IJG JPEG v80), quality = 90&quot;,&quot;created_timestamp&quot;:&quot;0&quot;,&quot;copyright&quot;:&quot;&quot;,&quot;focal_length&quot;:&quot;0&quot;,&quot;iso&quot;:&quot;0&quot;,&quot;shutter_speed&quot;:&quot;0&quot;,&quot;title&quot;:&quot;CREATOR: gd-jpeg v1.0 (using IJG JPEG v80), quality = 90&quot;,&quot;orientation&quot;:&quot;0&quot;}\" data-image-title=\"ROULEAU\" data-image-description=\"&lt;p&gt;ROULEAU&lt;\/p&gt;\" data-image-caption=\"\" data-large-file=\"https:\/\/i0.wp.com\/margola.fr\/wp-content\/uploads\/2021\/02\/ROULEAU-2.jpg?fit=732%2C704&amp;ssl=1\" class=\"alignnone wp-image-3589\" title=\"ROULEAU\" src=\"https:\/\/i0.wp.com\/margola.fr\/wp-content\/uploads\/2021\/02\/ROULEAU-2.jpg?resize=42%2C40&#038;ssl=1\" alt=\"Margola, peintures, peinture, vernis, Hasparren, Pays basque, Bayonne, Magasin, Peintres, Peintre\" width=\"42\" height=\"40\" srcset=\"https:\/\/i0.wp.com\/margola.fr\/wp-content\/uploads\/2021\/02\/ROULEAU-2.jpg?w=732&amp;ssl=1 732w, https:\/\/i0.wp.com\/margola.fr\/wp-content\/uploads\/2021\/02\/ROULEAU-2.jpg?resize=300%2C289&amp;ssl=1 300w, https:\/\/i0.wp.com\/margola.fr\/wp-content\/uploads\/2021\/02\/ROULEAU-2.jpg?resize=150%2C144&amp;ssl=1 150w\" sizes=\"auto, (max-width: 42px) 100vw, 42px\" \/>\u00a0 \u00a0<img data-recalc-dims=\"1\" loading=\"lazy\" decoding=\"async\" data-attachment-id=\"3588\" data-permalink=\"https:\/\/margola.fr\/eu\/pistolet2-2\/\" data-orig-file=\"https:\/\/i0.wp.com\/margola.fr\/wp-content\/uploads\/2021\/02\/PISTOLET2.jpg?fit=403%2C400&amp;ssl=1\" data-orig-size=\"403,400\" data-comments-opened=\"0\" data-image-meta=\"{&quot;aperture&quot;:&quot;0&quot;,&quot;credit&quot;:&quot;&quot;,&quot;camera&quot;:&quot;&quot;,&quot;caption&quot;:&quot;&quot;,&quot;created_timestamp&quot;:&quot;0&quot;,&quot;copyright&quot;:&quot;&quot;,&quot;focal_length&quot;:&quot;0&quot;,&quot;iso&quot;:&quot;0&quot;,&quot;shutter_speed&quot;:&quot;0&quot;,&quot;title&quot;:&quot;&quot;,&quot;orientation&quot;:&quot;0&quot;}\" data-image-title=\"PISTOLET\" data-image-description=\"&lt;p&gt;PISTOLET&lt;\/p&gt;\" data-image-caption=\"\" data-large-file=\"https:\/\/i0.wp.com\/margola.fr\/wp-content\/uploads\/2021\/02\/PISTOLET2.jpg?fit=403%2C400&amp;ssl=1\" class=\"alignnone wp-image-3588\" title=\"PISTOLET\" src=\"https:\/\/i0.wp.com\/margola.fr\/wp-content\/uploads\/2021\/02\/PISTOLET2.jpg?resize=40%2C40&#038;ssl=1\" alt=\"Margola, peintures, peinture, vernis, Hasparren, Pays basque, Bayonne, Magasin, Peintres, Peintre\" width=\"40\" height=\"40\" srcset=\"https:\/\/i0.wp.com\/margola.fr\/wp-content\/uploads\/2021\/02\/PISTOLET2.jpg?w=403&amp;ssl=1 403w, https:\/\/i0.wp.com\/margola.fr\/wp-content\/uploads\/2021\/02\/PISTOLET2.jpg?resize=300%2C298&amp;ssl=1 300w, https:\/\/i0.wp.com\/margola.fr\/wp-content\/uploads\/2021\/02\/PISTOLET2.jpg?resize=150%2C150&amp;ssl=1 150w\" sizes=\"auto, (max-width: 40px) 100vw, 40px\" \/>\u00a0 \u00a0<img data-recalc-dims=\"1\" loading=\"lazy\" decoding=\"async\" data-attachment-id=\"3590\" data-permalink=\"https:\/\/margola.fr\/eu\/solvant2-2\/\" data-orig-file=\"https:\/\/i0.wp.com\/margola.fr\/wp-content\/uploads\/2021\/02\/SOLVANT2.jpg?fit=582%2C583&amp;ssl=1\" data-orig-size=\"582,583\" data-comments-opened=\"0\" data-image-meta=\"{&quot;aperture&quot;:&quot;0&quot;,&quot;credit&quot;:&quot;&quot;,&quot;camera&quot;:&quot;&quot;,&quot;caption&quot;:&quot;&quot;,&quot;created_timestamp&quot;:&quot;0&quot;,&quot;copyright&quot;:&quot;&quot;,&quot;focal_length&quot;:&quot;0&quot;,&quot;iso&quot;:&quot;0&quot;,&quot;shutter_speed&quot;:&quot;0&quot;,&quot;title&quot;:&quot;&quot;,&quot;orientation&quot;:&quot;0&quot;}\" data-image-title=\"SOLVANT\" data-image-description=\"&lt;p&gt;SOLVANT&lt;\/p&gt;\" data-image-caption=\"\" data-large-file=\"https:\/\/i0.wp.com\/margola.fr\/wp-content\/uploads\/2021\/02\/SOLVANT2.jpg?fit=582%2C583&amp;ssl=1\" class=\"alignnone wp-image-3590\" title=\"SOLVANT\" src=\"https:\/\/i0.wp.com\/margola.fr\/wp-content\/uploads\/2021\/02\/SOLVANT2.jpg?resize=40%2C40&#038;ssl=1\" alt=\"Margola, peintures, peinture, vernis, Hasparren, Pays basque, Bayonne, Magasin, Peintres, Peintre\" width=\"40\" height=\"40\" srcset=\"https:\/\/i0.wp.com\/margola.fr\/wp-content\/uploads\/2021\/02\/SOLVANT2.jpg?w=582&amp;ssl=1 582w, https:\/\/i0.wp.com\/margola.fr\/wp-content\/uploads\/2021\/02\/SOLVANT2.jpg?resize=300%2C300&amp;ssl=1 300w, https:\/\/i0.wp.com\/margola.fr\/wp-content\/uploads\/2021\/02\/SOLVANT2.jpg?resize=150%2C150&amp;ssl=1 150w\" sizes=\"auto, (max-width: 40px) 100vw, 40px\" \/>\u00a0 \u00a0<img data-recalc-dims=\"1\" loading=\"lazy\" decoding=\"async\" data-attachment-id=\"3587\" data-permalink=\"https:\/\/margola.fr\/eu\/int-2\/\" data-orig-file=\"https:\/\/i0.wp.com\/margola.fr\/wp-content\/uploads\/2021\/02\/INT.jpg?fit=532%2C532&amp;ssl=1\" data-orig-size=\"532,532\" data-comments-opened=\"0\" data-image-meta=\"{&quot;aperture&quot;:&quot;0&quot;,&quot;credit&quot;:&quot;&quot;,&quot;camera&quot;:&quot;&quot;,&quot;caption&quot;:&quot;&quot;,&quot;created_timestamp&quot;:&quot;0&quot;,&quot;copyright&quot;:&quot;&quot;,&quot;focal_length&quot;:&quot;0&quot;,&quot;iso&quot;:&quot;0&quot;,&quot;shutter_speed&quot;:&quot;0&quot;,&quot;title&quot;:&quot;&quot;,&quot;orientation&quot;:&quot;1&quot;}\" data-image-title=\"INT\" data-image-description=\"&lt;p&gt;INT&lt;\/p&gt;\" data-image-caption=\"\" data-large-file=\"https:\/\/i0.wp.com\/margola.fr\/wp-content\/uploads\/2021\/02\/INT.jpg?fit=532%2C532&amp;ssl=1\" class=\"alignnone wp-image-3587\" title=\"INT\u00c9RIEUR\" src=\"https:\/\/i0.wp.com\/margola.fr\/wp-content\/uploads\/2021\/02\/INT.jpg?resize=40%2C40&#038;ssl=1\" alt=\"Margola, peintures, peinture, vernis, Hasparren, Pays basque, Bayonne, Magasin, Peintres, Peintre\" width=\"40\" height=\"40\" srcset=\"https:\/\/i0.wp.com\/margola.fr\/wp-content\/uploads\/2021\/02\/INT.jpg?w=532&amp;ssl=1 532w, https:\/\/i0.wp.com\/margola.fr\/wp-content\/uploads\/2021\/02\/INT.jpg?resize=300%2C300&amp;ssl=1 300w, https:\/\/i0.wp.com\/margola.fr\/wp-content\/uploads\/2021\/02\/INT.jpg?resize=150%2C150&amp;ssl=1 150w\" sizes=\"auto, (max-width: 40px) 100vw, 40px\" \/><\/strong><\/span>\u00a0 \u00a0 \u00a0 \u00a0 \u00a0 \u00a0<\/p>\n<p><span style=\"color: #000000;\">Peinture sp\u00e9ciale mate anti-taches aux huiles chaul\u00e9es, sans tension, non jaunissante et sans odeur.<\/span><\/p>\n<p>\u00a0<\/p>\n<p><strong>Propri\u00e9t\u00e9s<\/strong><br \/>&#8211; Aspect mat<strong><br \/><\/strong>&#8211; Sans odeur<br \/>&#8211; Non jaunissante<br \/>&#8211; Anti-taches<br \/>&#8211; Tr\u00e8s bon accrochage sur vieux fonds<\/p>\n<p><strong>Teintes<br \/><\/strong>Blanc.<br \/><strong>Autres teintes sur commande.<\/strong><\/p>\n<p><strong>Conditionnement<br \/><\/strong>5kg, 7kg et 20kg<\/p>\n<p><strong>Mat\u00e9riel d&rsquo;application<\/strong><br \/>Brosse, Rouleau, Pistolet.<\/p>\n<p><strong>Dilution et Nettoyage des outils<\/strong><br \/>Diluant sans odeur, \u00e0 d\u00e9faut White Spirit.<\/p>\n<p><strong><br \/>Fiche technique et fiche de s\u00e9curit\u00e9 disponibles sur demande.<\/strong><\/p>\n<\/div><\/div>","protected":false},"excerpt":{"rendered":"<p>\u00a0 \u00a0 \u00a0 \u00a0\u00a0 \u00a0\u00a0 \u00a0\u00a0 \u00a0\u00a0 \u00a0 \u00a0 \u00a0 \u00a0 \u00a0 Peinture sp\u00e9ciale mate anti-taches aux huiles chaul\u00e9es, sans tension, non jaunissante et sans odeur. \u00a0 Propri\u00e9t\u00e9s&#8211; Aspect mat&#8211; Sans odeur&#8211; Non jaunissante&#8211; Anti-taches&#8211; Tr\u00e8s bon accrochage sur vieux fonds TeintesBlanc.Autres teintes sur commande. Conditionnement5kg, 7kg et 20kg Mat\u00e9riel d&rsquo;applicationBrosse, Rouleau, Pistolet. Dilution et &hellip; <a href=\"https:\/\/margola.fr\/eu\/ekomat\/\" class=\"more-link\">Continue reading <span class=\"screen-reader-text\">EKOMAT<\/span><\/a><\/p>","protected":false},"author":1,"featured_media":0,"parent":0,"menu_order":0,"comment_status":"closed","ping_status":"closed","template":"","meta":{"_coblocks_attr":"","_coblocks_dimensions":"","_coblocks_responsive_height":"","_coblocks_accordion_ie_support":"","_crdt_document":"","jetpack_post_was_ever_published":false,"footnotes":""},"class_list":["post-832","page","type-page","status-publish","hentry"],"yoast_head":"<!-- This site is optimized with the Yoast SEO plugin v27.3 - https:\/\/yoast.com\/product\/yoast-seo-wordpress\/ -->\n<title>EKOMAT - MARGOLA, Fabricant de peintures et vernis en PAYS BASQUE depuis 1988<\/title>\n<meta name=\"robots\" content=\"index, follow, max-snippet:-1, max-image-preview:large, max-video-preview:-1\" \/>\n<link rel=\"canonical\" href=\"https:\/\/margola.fr\/eu\/ekomat\/\" \/>\n<meta property=\"og:locale\" content=\"en_US\" \/>\n<meta property=\"og:type\" content=\"article\" \/>\n<meta property=\"og:title\" content=\"EKOMAT - MARGOLA, Fabricant de peintures et vernis en PAYS BASQUE depuis 1988\" \/>\n<meta property=\"og:description\" content=\"\u00a0 \u00a0 \u00a0 \u00a0\u00a0 \u00a0\u00a0 \u00a0\u00a0 \u00a0\u00a0 \u00a0 \u00a0 \u00a0 \u00a0 \u00a0 Peinture sp\u00e9ciale mate anti-taches aux huiles chaul\u00e9es, sans tension, non jaunissante et sans odeur. \u00a0 Propri\u00e9t\u00e9s&#8211; Aspect mat&#8211; Sans odeur&#8211; Non jaunissante&#8211; Anti-taches&#8211; Tr\u00e8s bon accrochage sur vieux fonds TeintesBlanc.Autres teintes sur commande. Conditionnement5kg, 7kg et 20kg Mat\u00e9riel d&rsquo;applicationBrosse, Rouleau, Pistolet. Dilution et &hellip; Continue reading EKOMAT\" \/>\n<meta property=\"og:url\" content=\"https:\/\/margola.fr\/eu\/ekomat\/\" \/>\n<meta property=\"og:site_name\" content=\"MARGOLA, Fabricant de peintures et vernis en PAYS BASQUE depuis 1988\" \/>\n<meta property=\"article:modified_time\" content=\"2022-01-13T09:50:26+00:00\" \/>\n<meta property=\"og:image\" content=\"https:\/\/margola.fr\/wp-content\/uploads\/2016\/09\/note-iso.jpg?w=150\" \/>\n<meta name=\"twitter:card\" content=\"summary_large_image\" \/>\n<script type=\"application\/ld+json\" class=\"yoast-schema-graph\">{\"@context\":\"https:\\\/\\\/schema.org\",\"@graph\":[{\"@type\":\"WebPage\",\"@id\":\"https:\\\/\\\/margola.fr\\\/ekomat\\\/\",\"url\":\"https:\\\/\\\/margola.fr\\\/ekomat\\\/\",\"name\":\"EKOMAT - MARGOLA, Fabricant de peintures et vernis en PAYS BASQUE depuis 1988\",\"isPartOf\":{\"@id\":\"https:\\\/\\\/margola.fr\\\/#website\"},\"primaryImageOfPage\":{\"@id\":\"https:\\\/\\\/margola.fr\\\/ekomat\\\/#primaryimage\"},\"image\":{\"@id\":\"https:\\\/\\\/margola.fr\\\/ekomat\\\/#primaryimage\"},\"thumbnailUrl\":\"https:\\\/\\\/margola.fr\\\/wp-content\\\/uploads\\\/2016\\\/09\\\/note-iso.jpg?w=150\",\"datePublished\":\"2016-09-21T12:47:27+00:00\",\"dateModified\":\"2022-01-13T09:50:26+00:00\",\"breadcrumb\":{\"@id\":\"https:\\\/\\\/margola.fr\\\/ekomat\\\/#breadcrumb\"},\"inLanguage\":\"eu\",\"potentialAction\":[{\"@type\":\"ReadAction\",\"target\":[\"https:\\\/\\\/margola.fr\\\/ekomat\\\/\"]}]},{\"@type\":\"ImageObject\",\"inLanguage\":\"eu\",\"@id\":\"https:\\\/\\\/margola.fr\\\/ekomat\\\/#primaryimage\",\"url\":\"https:\\\/\\\/margola.fr\\\/wp-content\\\/uploads\\\/2016\\\/09\\\/note-iso.jpg?w=150\",\"contentUrl\":\"https:\\\/\\\/margola.fr\\\/wp-content\\\/uploads\\\/2016\\\/09\\\/note-iso.jpg?w=150\"},{\"@type\":\"BreadcrumbList\",\"@id\":\"https:\\\/\\\/margola.fr\\\/ekomat\\\/#breadcrumb\",\"itemListElement\":[{\"@type\":\"ListItem\",\"position\":1,\"name\":\"Accueil\",\"item\":\"https:\\\/\\\/margola.fr\\\/\"},{\"@type\":\"ListItem\",\"position\":2,\"name\":\"EKOMAT\"}]},{\"@type\":\"WebSite\",\"@id\":\"https:\\\/\\\/margola.fr\\\/#website\",\"url\":\"https:\\\/\\\/margola.fr\\\/\",\"name\":\"MARGOLA, Fabricant de peintures et vernis en PAYS BASQUE depuis 1988\",\"description\":\"\",\"publisher\":{\"@id\":\"https:\\\/\\\/margola.fr\\\/#organization\"},\"potentialAction\":[{\"@type\":\"SearchAction\",\"target\":{\"@type\":\"EntryPoint\",\"urlTemplate\":\"https:\\\/\\\/margola.fr\\\/?s={search_term_string}\"},\"query-input\":{\"@type\":\"PropertyValueSpecification\",\"valueRequired\":true,\"valueName\":\"search_term_string\"}}],\"inLanguage\":\"eu\"},{\"@type\":\"Organization\",\"@id\":\"https:\\\/\\\/margola.fr\\\/#organization\",\"name\":\"MARGOLA\",\"url\":\"https:\\\/\\\/margola.fr\\\/\",\"logo\":{\"@type\":\"ImageObject\",\"inLanguage\":\"eu\",\"@id\":\"https:\\\/\\\/margola.fr\\\/#\\\/schema\\\/logo\\\/image\\\/\",\"url\":\"https:\\\/\\\/i0.wp.com\\\/margola.fr\\\/wp-content\\\/uploads\\\/2022\\\/01\\\/Logo-MARGOLA-Neutre.png?fit=1665%2C543&ssl=1\",\"contentUrl\":\"https:\\\/\\\/i0.wp.com\\\/margola.fr\\\/wp-content\\\/uploads\\\/2022\\\/01\\\/Logo-MARGOLA-Neutre.png?fit=1665%2C543&ssl=1\",\"width\":1665,\"height\":543,\"caption\":\"MARGOLA\"},\"image\":{\"@id\":\"https:\\\/\\\/margola.fr\\\/#\\\/schema\\\/logo\\\/image\\\/\"}}]}<\/script>\n<!-- \/ Yoast SEO plugin. -->","yoast_head_json":{"title":"EKOMAT - MARGOLA, Fabricant de peintures et vernis en PAYS BASQUE depuis 1988","robots":{"index":"index","follow":"follow","max-snippet":"max-snippet:-1","max-image-preview":"max-image-preview:large","max-video-preview":"max-video-preview:-1"},"canonical":"https:\/\/margola.fr\/eu\/ekomat\/","og_locale":"en_US","og_type":"article","og_title":"EKOMAT - MARGOLA, Fabricant de peintures et vernis en PAYS BASQUE depuis 1988","og_description":"\u00a0 \u00a0 \u00a0 \u00a0\u00a0 \u00a0\u00a0 \u00a0\u00a0 \u00a0\u00a0 \u00a0 \u00a0 \u00a0 \u00a0 \u00a0 Peinture sp\u00e9ciale mate anti-taches aux huiles chaul\u00e9es, sans tension, non jaunissante et sans odeur. \u00a0 Propri\u00e9t\u00e9s&#8211; Aspect mat&#8211; Sans odeur&#8211; Non jaunissante&#8211; Anti-taches&#8211; Tr\u00e8s bon accrochage sur vieux fonds TeintesBlanc.Autres teintes sur commande. Conditionnement5kg, 7kg et 20kg Mat\u00e9riel d&rsquo;applicationBrosse, Rouleau, Pistolet. Dilution et &hellip; Continue reading EKOMAT","og_url":"https:\/\/margola.fr\/eu\/ekomat\/","og_site_name":"MARGOLA, Fabricant de peintures et vernis en PAYS BASQUE depuis 1988","article_modified_time":"2022-01-13T09:50:26+00:00","og_image":[{"url":"https:\/\/margola.fr\/wp-content\/uploads\/2016\/09\/note-iso.jpg?w=150","type":"","width":"","height":""}],"twitter_card":"summary_large_image","schema":{"@context":"https:\/\/schema.org","@graph":[{"@type":"WebPage","@id":"https:\/\/margola.fr\/ekomat\/","url":"https:\/\/margola.fr\/ekomat\/","name":"EKOMAT - MARGOLA, Fabricant de peintures et vernis en PAYS BASQUE depuis 1988","isPartOf":{"@id":"https:\/\/margola.fr\/#website"},"primaryImageOfPage":{"@id":"https:\/\/margola.fr\/ekomat\/#primaryimage"},"image":{"@id":"https:\/\/margola.fr\/ekomat\/#primaryimage"},"thumbnailUrl":"https:\/\/margola.fr\/wp-content\/uploads\/2016\/09\/note-iso.jpg?w=150","datePublished":"2016-09-21T12:47:27+00:00","dateModified":"2022-01-13T09:50:26+00:00","breadcrumb":{"@id":"https:\/\/margola.fr\/ekomat\/#breadcrumb"},"inLanguage":"eu","potentialAction":[{"@type":"ReadAction","target":["https:\/\/margola.fr\/ekomat\/"]}]},{"@type":"ImageObject","inLanguage":"eu","@id":"https:\/\/margola.fr\/ekomat\/#primaryimage","url":"https:\/\/margola.fr\/wp-content\/uploads\/2016\/09\/note-iso.jpg?w=150","contentUrl":"https:\/\/margola.fr\/wp-content\/uploads\/2016\/09\/note-iso.jpg?w=150"},{"@type":"BreadcrumbList","@id":"https:\/\/margola.fr\/ekomat\/#breadcrumb","itemListElement":[{"@type":"ListItem","position":1,"name":"Accueil","item":"https:\/\/margola.fr\/"},{"@type":"ListItem","position":2,"name":"EKOMAT"}]},{"@type":"WebSite","@id":"https:\/\/margola.fr\/#website","url":"https:\/\/margola.fr\/","name":"MARGOLA, Tindu eta berniza fabrikante 1988az geroztik","description":"","publisher":{"@id":"https:\/\/margola.fr\/#organization"},"potentialAction":[{"@type":"SearchAction","target":{"@type":"EntryPoint","urlTemplate":"https:\/\/margola.fr\/?s={search_term_string}"},"query-input":{"@type":"PropertyValueSpecification","valueRequired":true,"valueName":"search_term_string"}}],"inLanguage":"eu"},{"@type":"Organization","@id":"https:\/\/margola.fr\/#organization","name":"MARGOLA","url":"https:\/\/margola.fr\/","logo":{"@type":"ImageObject","inLanguage":"eu","@id":"https:\/\/margola.fr\/#\/schema\/logo\/image\/","url":"https:\/\/i0.wp.com\/margola.fr\/wp-content\/uploads\/2022\/01\/Logo-MARGOLA-Neutre.png?fit=1665%2C543&ssl=1","contentUrl":"https:\/\/i0.wp.com\/margola.fr\/wp-content\/uploads\/2022\/01\/Logo-MARGOLA-Neutre.png?fit=1665%2C543&ssl=1","width":1665,"height":543,"caption":"MARGOLA"},"image":{"@id":"https:\/\/margola.fr\/#\/schema\/logo\/image\/"}}]}},"jetpack_sharing_enabled":true,"jetpack_shortlink":"https:\/\/wp.me\/P74502-dq","jetpack_likes_enabled":true,"amp_enabled":true,"_links":{"self":[{"href":"https:\/\/margola.fr\/eu\/wp-json\/wp\/v2\/pages\/832","targetHints":{"allow":["GET"]}}],"collection":[{"href":"https:\/\/margola.fr\/eu\/wp-json\/wp\/v2\/pages"}],"about":[{"href":"https:\/\/margola.fr\/eu\/wp-json\/wp\/v2\/types\/page"}],"author":[{"embeddable":true,"href":"https:\/\/margola.fr\/eu\/wp-json\/wp\/v2\/users\/1"}],"replies":[{"embeddable":true,"href":"https:\/\/margola.fr\/eu\/wp-json\/wp\/v2\/comments?post=832"}],"version-history":[{"count":3,"href":"https:\/\/margola.fr\/eu\/wp-json\/wp\/v2\/pages\/832\/revisions"}],"predecessor-version":[{"id":4496,"href":"https:\/\/margola.fr\/eu\/wp-json\/wp\/v2\/pages\/832\/revisions\/4496"}],"wp:attachment":[{"href":"https:\/\/margola.fr\/eu\/wp-json\/wp\/v2\/media?parent=832"}],"curies":[{"name":"wp","href":"https:\/\/api.w.org\/{rel}","templated":true}]}}