{"id":332,"date":"2016-02-18T17:41:37","date_gmt":"2016-02-18T16:41:37","guid":{"rendered":"https:\/\/margola.fr\/?page_id=332"},"modified":"2023-03-07T17:51:28","modified_gmt":"2023-03-07T16:51:28","slug":"mentions-legales","status":"publish","type":"page","link":"https:\/\/margola.fr\/eu\/mentions-legales\/","title":{"rendered":"Mentions l\u00e9gales"},"content":{"rendered":"<p><em>Si\u00e8ge Social: Margola, ZI des Pignadas, 64\u00a0240 Hasparren<\/em><\/p>\n<p><em>T\u00e9l\u00e9phone : 0559294567\/Fax : 0559294975<\/em><\/p>\n<p><em>Siret : 343\u00a0731\u00a0972 00018<\/em><\/p>\n<p><em>Identifiant unique : FR322685_07HFGM<\/em><\/p>\n<p><em>Repr\u00e9sentant l\u00e9gal\u00a0: M Antton AMESTOY<\/em><\/p>\n<p><em>Email de contact: contact@margola.fr<\/em><\/p>\n<p><em>Conception, d\u00e9veloppement, et h\u00e9bergement du site: Agence WordPress<\/em><\/p>\n<p><em>Droits d&rsquo;auteur\/Copyright : L&rsquo;ensemble de ce site rel\u00e8ve de la l\u00e9gislation fran\u00e7aise et internationale sur le droit d&rsquo;auteur et la propri\u00e9t\u00e9 intellectuelle. Tous droits de reproduction sont r\u00e9serv\u00e9s, y compris pour les documents photographiques. La reproduction de tout ou partie de ce site sur un support \u00e9lectronique ou papier quel qu&rsquo;il soit est formellement interdite sauf autorisation expresse du directeur de la publication.<\/em><\/p>\n<p><em>Informatique et libert\u00e9s: Conform\u00e9ment \u00e0 l&rsquo;article 34 de la loi \u00ab\u00a0Informatique et Libert\u00e9s\u00a0\u00bb, vous disposez d&rsquo;un droit d&rsquo;acc\u00e8s, de modification, de rectification et de suppression des donn\u00e9es qui vous concernent.<\/em><\/p>","protected":false},"excerpt":{"rendered":"<p>Si\u00e8ge Social: Margola, ZI des Pignadas, 64\u00a0240 Hasparren T\u00e9l\u00e9phone : 0559294567\/Fax : 0559294975 Siret : 343\u00a0731\u00a0972 00018 Identifiant unique : FR322685_07HFGM Repr\u00e9sentant l\u00e9gal\u00a0: M Antton AMESTOY Email de contact: contact@margola.fr Conception, d\u00e9veloppement, et h\u00e9bergement du site: Agence WordPress Droits d&rsquo;auteur\/Copyright : L&rsquo;ensemble de ce site rel\u00e8ve de la l\u00e9gislation fran\u00e7aise et internationale sur le droit &hellip; <a href=\"https:\/\/margola.fr\/eu\/mentions-legales\/\" class=\"more-link\">Continue reading <span class=\"screen-reader-text\">Mentions l\u00e9gales<\/span><\/a><\/p>","protected":false},"author":1,"featured_media":0,"parent":0,"menu_order":0,"comment_status":"closed","ping_status":"closed","template":"","meta":{"_coblocks_attr":"","_coblocks_dimensions":"","_coblocks_responsive_height":"","_coblocks_accordion_ie_support":"","_crdt_document":"","footnotes":""},"class_list":["post-332","page","type-page","status-publish","hentry"],"yoast_head":"<!-- This site is optimized with the Yoast SEO plugin v27.4 - https:\/\/yoast.com\/product\/yoast-seo-wordpress\/ -->\n<title>Mentions l\u00e9gales - MARGOLA, Fabricant de peintures et vernis en PAYS BASQUE depuis 1988<\/title>\n<meta name=\"robots\" content=\"index, follow, max-snippet:-1, max-image-preview:large, max-video-preview:-1\" \/>\n<link rel=\"canonical\" href=\"https:\/\/margola.fr\/eu\/mentions-legales\/\" \/>\n<meta property=\"og:locale\" content=\"en_US\" \/>\n<meta property=\"og:type\" content=\"article\" \/>\n<meta property=\"og:title\" content=\"Mentions l\u00e9gales - MARGOLA, Fabricant de peintures et vernis en PAYS BASQUE depuis 1988\" \/>\n<meta property=\"og:description\" content=\"Si\u00e8ge Social: Margola, ZI des Pignadas, 64\u00a0240 Hasparren T\u00e9l\u00e9phone : 0559294567\/Fax : 0559294975 Siret : 343\u00a0731\u00a0972 00018 Identifiant unique : FR322685_07HFGM Repr\u00e9sentant l\u00e9gal\u00a0: M Antton AMESTOY Email de contact: contact@margola.fr Conception, d\u00e9veloppement, et h\u00e9bergement du site: Agence WordPress Droits d&rsquo;auteur\/Copyright : L&rsquo;ensemble de ce site rel\u00e8ve de la l\u00e9gislation fran\u00e7aise et internationale sur le droit &hellip; Continue reading Mentions l\u00e9gales\" \/>\n<meta property=\"og:url\" content=\"https:\/\/margola.fr\/eu\/mentions-legales\/\" \/>\n<meta property=\"og:site_name\" content=\"MARGOLA, Fabricant de peintures et vernis en PAYS BASQUE depuis 1988\" \/>\n<meta property=\"article:modified_time\" content=\"2023-03-07T16:51:28+00:00\" \/>\n<meta name=\"twitter:card\" content=\"summary_large_image\" \/>\n<meta name=\"twitter:label1\" content=\"Est. reading time\" \/>\n\t<meta name=\"twitter:data1\" content=\"1 minutua\" \/>\n<script type=\"application\/ld+json\" class=\"yoast-schema-graph\">{\"@context\":\"https:\\\/\\\/schema.org\",\"@graph\":[{\"@type\":\"WebPage\",\"@id\":\"https:\\\/\\\/margola.fr\\\/mentions-legales\\\/\",\"url\":\"https:\\\/\\\/margola.fr\\\/mentions-legales\\\/\",\"name\":\"Mentions l\u00e9gales - MARGOLA, Fabricant de peintures et vernis en PAYS BASQUE depuis 1988\",\"isPartOf\":{\"@id\":\"https:\\\/\\\/margola.fr\\\/#website\"},\"datePublished\":\"2016-02-18T16:41:37+00:00\",\"dateModified\":\"2023-03-07T16:51:28+00:00\",\"breadcrumb\":{\"@id\":\"https:\\\/\\\/margola.fr\\\/mentions-legales\\\/#breadcrumb\"},\"inLanguage\":\"eu\",\"potentialAction\":[{\"@type\":\"ReadAction\",\"target\":[\"https:\\\/\\\/margola.fr\\\/mentions-legales\\\/\"]}]},{\"@type\":\"BreadcrumbList\",\"@id\":\"https:\\\/\\\/margola.fr\\\/mentions-legales\\\/#breadcrumb\",\"itemListElement\":[{\"@type\":\"ListItem\",\"position\":1,\"name\":\"Accueil\",\"item\":\"https:\\\/\\\/margola.fr\\\/\"},{\"@type\":\"ListItem\",\"position\":2,\"name\":\"Mentions l\u00e9gales\"}]},{\"@type\":\"WebSite\",\"@id\":\"https:\\\/\\\/margola.fr\\\/#website\",\"url\":\"https:\\\/\\\/margola.fr\\\/\",\"name\":\"MARGOLA, Fabricant de peintures et vernis en PAYS BASQUE depuis 1988\",\"description\":\"\",\"publisher\":{\"@id\":\"https:\\\/\\\/margola.fr\\\/#organization\"},\"potentialAction\":[{\"@type\":\"SearchAction\",\"target\":{\"@type\":\"EntryPoint\",\"urlTemplate\":\"https:\\\/\\\/margola.fr\\\/?s={search_term_string}\"},\"query-input\":{\"@type\":\"PropertyValueSpecification\",\"valueRequired\":true,\"valueName\":\"search_term_string\"}}],\"inLanguage\":\"eu\"},{\"@type\":\"Organization\",\"@id\":\"https:\\\/\\\/margola.fr\\\/#organization\",\"name\":\"MARGOLA\",\"url\":\"https:\\\/\\\/margola.fr\\\/\",\"logo\":{\"@type\":\"ImageObject\",\"inLanguage\":\"eu\",\"@id\":\"https:\\\/\\\/margola.fr\\\/#\\\/schema\\\/logo\\\/image\\\/\",\"url\":\"https:\\\/\\\/i0.wp.com\\\/margola.fr\\\/wp-content\\\/uploads\\\/2022\\\/01\\\/Logo-MARGOLA-Neutre.png?fit=1665%2C543&ssl=1\",\"contentUrl\":\"https:\\\/\\\/i0.wp.com\\\/margola.fr\\\/wp-content\\\/uploads\\\/2022\\\/01\\\/Logo-MARGOLA-Neutre.png?fit=1665%2C543&ssl=1\",\"width\":1665,\"height\":543,\"caption\":\"MARGOLA\"},\"image\":{\"@id\":\"https:\\\/\\\/margola.fr\\\/#\\\/schema\\\/logo\\\/image\\\/\"}}]}<\/script>\n<!-- \/ Yoast SEO plugin. -->","yoast_head_json":{"title":"Mentions l\u00e9gales - MARGOLA, Fabricant de peintures et vernis en PAYS BASQUE depuis 1988","robots":{"index":"index","follow":"follow","max-snippet":"max-snippet:-1","max-image-preview":"max-image-preview:large","max-video-preview":"max-video-preview:-1"},"canonical":"https:\/\/margola.fr\/eu\/mentions-legales\/","og_locale":"en_US","og_type":"article","og_title":"Mentions l\u00e9gales - MARGOLA, Fabricant de peintures et vernis en PAYS BASQUE depuis 1988","og_description":"Si\u00e8ge Social: Margola, ZI des Pignadas, 64\u00a0240 Hasparren T\u00e9l\u00e9phone : 0559294567\/Fax : 0559294975 Siret : 343\u00a0731\u00a0972 00018 Identifiant unique : FR322685_07HFGM Repr\u00e9sentant l\u00e9gal\u00a0: M Antton AMESTOY Email de contact: contact@margola.fr Conception, d\u00e9veloppement, et h\u00e9bergement du site: Agence WordPress Droits d&rsquo;auteur\/Copyright : L&rsquo;ensemble de ce site rel\u00e8ve de la l\u00e9gislation fran\u00e7aise et internationale sur le droit &hellip; Continue reading Mentions l\u00e9gales","og_url":"https:\/\/margola.fr\/eu\/mentions-legales\/","og_site_name":"MARGOLA, Fabricant de peintures et vernis en PAYS BASQUE depuis 1988","article_modified_time":"2023-03-07T16:51:28+00:00","twitter_card":"summary_large_image","twitter_misc":{"Est. reading time":"1 minutua"},"schema":{"@context":"https:\/\/schema.org","@graph":[{"@type":"WebPage","@id":"https:\/\/margola.fr\/mentions-legales\/","url":"https:\/\/margola.fr\/mentions-legales\/","name":"Mentions l\u00e9gales - MARGOLA, Fabricant de peintures et vernis en PAYS BASQUE depuis 1988","isPartOf":{"@id":"https:\/\/margola.fr\/#website"},"datePublished":"2016-02-18T16:41:37+00:00","dateModified":"2023-03-07T16:51:28+00:00","breadcrumb":{"@id":"https:\/\/margola.fr\/mentions-legales\/#breadcrumb"},"inLanguage":"eu","potentialAction":[{"@type":"ReadAction","target":["https:\/\/margola.fr\/mentions-legales\/"]}]},{"@type":"BreadcrumbList","@id":"https:\/\/margola.fr\/mentions-legales\/#breadcrumb","itemListElement":[{"@type":"ListItem","position":1,"name":"Accueil","item":"https:\/\/margola.fr\/"},{"@type":"ListItem","position":2,"name":"Mentions l\u00e9gales"}]},{"@type":"WebSite","@id":"https:\/\/margola.fr\/#website","url":"https:\/\/margola.fr\/","name":"MARGOLA, Tindu eta berniza fabrikante 1988az geroztik","description":"","publisher":{"@id":"https:\/\/margola.fr\/#organization"},"potentialAction":[{"@type":"SearchAction","target":{"@type":"EntryPoint","urlTemplate":"https:\/\/margola.fr\/?s={search_term_string}"},"query-input":{"@type":"PropertyValueSpecification","valueRequired":true,"valueName":"search_term_string"}}],"inLanguage":"eu"},{"@type":"Organization","@id":"https:\/\/margola.fr\/#organization","name":"MARGOLA","url":"https:\/\/margola.fr\/","logo":{"@type":"ImageObject","inLanguage":"eu","@id":"https:\/\/margola.fr\/#\/schema\/logo\/image\/","url":"https:\/\/i0.wp.com\/margola.fr\/wp-content\/uploads\/2022\/01\/Logo-MARGOLA-Neutre.png?fit=1665%2C543&ssl=1","contentUrl":"https:\/\/i0.wp.com\/margola.fr\/wp-content\/uploads\/2022\/01\/Logo-MARGOLA-Neutre.png?fit=1665%2C543&ssl=1","width":1665,"height":543,"caption":"MARGOLA"},"image":{"@id":"https:\/\/margola.fr\/#\/schema\/logo\/image\/"}}]}},"jetpack_sharing_enabled":true,"jetpack_shortlink":"https:\/\/wp.me\/P74502-5m","jetpack_likes_enabled":true,"amp_enabled":true,"_links":{"self":[{"href":"https:\/\/margola.fr\/eu\/wp-json\/wp\/v2\/pages\/332","targetHints":{"allow":["GET"]}}],"collection":[{"href":"https:\/\/margola.fr\/eu\/wp-json\/wp\/v2\/pages"}],"about":[{"href":"https:\/\/margola.fr\/eu\/wp-json\/wp\/v2\/types\/page"}],"author":[{"embeddable":true,"href":"https:\/\/margola.fr\/eu\/wp-json\/wp\/v2\/users\/1"}],"replies":[{"embeddable":true,"href":"https:\/\/margola.fr\/eu\/wp-json\/wp\/v2\/comments?post=332"}],"version-history":[{"count":1,"href":"https:\/\/margola.fr\/eu\/wp-json\/wp\/v2\/pages\/332\/revisions"}],"predecessor-version":[{"id":5454,"href":"https:\/\/margola.fr\/eu\/wp-json\/wp\/v2\/pages\/332\/revisions\/5454"}],"wp:attachment":[{"href":"https:\/\/margola.fr\/eu\/wp-json\/wp\/v2\/media?parent=332"}],"curies":[{"name":"wp","href":"https:\/\/api.w.org\/{rel}","templated":true}]}}