{"id":145,"date":"2016-01-28T11:02:23","date_gmt":"2016-01-28T10:02:23","guid":{"rendered":"https:\/\/margola.fr\/?page_id=145"},"modified":"2022-01-24T16:46:50","modified_gmt":"2022-01-24T15:46:50","slug":"une-entreprise-familiale","status":"publish","type":"page","link":"https:\/\/margola.fr\/eu\/une-entreprise-familiale\/","title":{"rendered":"FAMILIAKO ENPRESA"},"content":{"rendered":"<p style=\"text-align: justify;\">\n<p style=\"text-align: justify;\"><img data-recalc-dims=\"1\" loading=\"lazy\" decoding=\"async\" data-attachment-id=\"1537\" data-permalink=\"https:\/\/margola.fr\/eu\/une-entreprise-familiale\/margola-exterieur2\/\" data-orig-file=\"https:\/\/i0.wp.com\/margola.fr\/wp-content\/uploads\/2016\/01\/margola-exterieur2.jpg?fit=1312%2C748&amp;ssl=1\" data-orig-size=\"1312,748\" data-comments-opened=\"0\" data-image-meta=\"{&quot;aperture&quot;:&quot;0&quot;,&quot;credit&quot;:&quot;&quot;,&quot;camera&quot;:&quot;&quot;,&quot;caption&quot;:&quot;&quot;,&quot;created_timestamp&quot;:&quot;0&quot;,&quot;copyright&quot;:&quot;&quot;,&quot;focal_length&quot;:&quot;0&quot;,&quot;iso&quot;:&quot;0&quot;,&quot;shutter_speed&quot;:&quot;0&quot;,&quot;title&quot;:&quot;&quot;,&quot;orientation&quot;:&quot;0&quot;}\" data-image-title=\"margola-exterieur2\" data-image-description=\"\" data-image-caption=\"\" data-large-file=\"https:\/\/i0.wp.com\/margola.fr\/wp-content\/uploads\/2016\/01\/margola-exterieur2.jpg?fit=740%2C422&amp;ssl=1\" class=\"aligncenter wp-image-1537\" src=\"https:\/\/i0.wp.com\/margola.fr\/wp-content\/uploads\/2016\/01\/margola-exterieur2.jpg?resize=500%2C285&#038;ssl=1\" alt=\"Margola, peintures, vernis, Hasparren, Pays basque, magasin, Bayonne\" width=\"500\" height=\"285\" \/><\/p>\n<p style=\"text-align: justify;\"><span style=\"color: #000000;\">Tindu eta berniza fabrika, Margola familiako enpresa bat da Hazparnen, Euskal Herrian, kokatua. <\/span><\/p>\n<p style=\"text-align: justify;\"><span style=\"color: #000000;\"><strong>\u2192  1988 : Pierra AMESTOY,<\/strong>ek sortua. <\/span><\/p>\n<p style=\"text-align: justify;\"><span style=\"color: #000000;\">Zonbeit urteko esperentzia baliatuz lekuko beste enpresetan, denboran, desafio bati menturatu zen : bere enpresa sortu, Euskal Herrian lan eginez bizitzeko eta Euskal Herria biziarazteko.<\/span><\/p>\n<p style=\"text-align: justify;\" class=\"translation-block\"><span style=\"color: #000000\"><strong>\u00a0\u2192 2015 : <\/strong>Hamar urte langile egon ondoan, <strong>Antton Amestoy<\/strong> ek aitaren segida hartzen du.<\/p>\n<p style=\"text-align: justify;\" class=\"translation-block\"><strong>30 urte berantago,<\/strong> Margola 5 lagun baino gehiago lanean arrarazten ditu eta lekuko ekonomia garatzen.<\/p>","protected":false},"excerpt":{"rendered":"<p>Fabrique de peintures et de vernis, Margola est une entreprise familiale bas\u00e9e \u00e0 HASPARREN au PAYS BASQUE. \u2192 \u00a01988 : Cr\u00e9\u00e9e par Pierra AMESTOY, Docteur en chimie. Fort de plusieurs ann\u00e9es d\u2019exp\u00e9riences dans des entreprises locales, il se lance dans un pari os\u00e9, \u00e0 l\u2019\u00e9poque : fonder sa propre entreprise afin de vivre, faire vivre &hellip; <a href=\"https:\/\/margola.fr\/eu\/une-entreprise-familiale\/\" class=\"more-link\">Continue reading <span class=\"screen-reader-text\">FAMILIAKO ENPRESA<\/span><\/a><\/p>","protected":false},"author":1,"featured_media":0,"parent":0,"menu_order":0,"comment_status":"closed","ping_status":"closed","template":"","meta":{"_coblocks_attr":"","_coblocks_dimensions":"","_coblocks_responsive_height":"","_coblocks_accordion_ie_support":"","_crdt_document":"","footnotes":""},"class_list":["post-145","page","type-page","status-publish","hentry"],"yoast_head":"<!-- This site is optimized with the Yoast SEO plugin v27.4 - https:\/\/yoast.com\/product\/yoast-seo-wordpress\/ -->\n<title>Une entreprise familiale - MARGOLA, Fabricant de peintures et vernis en PAYS BASQUE depuis 1988<\/title>\n<meta name=\"robots\" content=\"index, follow, max-snippet:-1, max-image-preview:large, max-video-preview:-1\" \/>\n<link rel=\"canonical\" href=\"https:\/\/margola.fr\/eu\/une-entreprise-familiale\/\" \/>\n<meta property=\"og:locale\" content=\"en_US\" \/>\n<meta property=\"og:type\" content=\"article\" \/>\n<meta property=\"og:title\" content=\"Une entreprise familiale - MARGOLA, Fabricant de peintures et vernis en PAYS BASQUE depuis 1988\" \/>\n<meta property=\"og:description\" content=\"Fabrique de peintures et de vernis, Margola est une entreprise familiale bas\u00e9e \u00e0 HASPARREN au PAYS BASQUE. \u2192 \u00a01988 : Cr\u00e9\u00e9e par Pierra AMESTOY, Docteur en chimie. Fort de plusieurs ann\u00e9es d\u2019exp\u00e9riences dans des entreprises locales, il se lance dans un pari os\u00e9, \u00e0 l\u2019\u00e9poque : fonder sa propre entreprise afin de vivre, faire vivre &hellip; Continue reading Une entreprise familiale\" \/>\n<meta property=\"og:url\" content=\"https:\/\/margola.fr\/eu\/une-entreprise-familiale\/\" \/>\n<meta property=\"og:site_name\" content=\"MARGOLA, Fabricant de peintures et vernis en PAYS BASQUE depuis 1988\" \/>\n<meta property=\"article:modified_time\" content=\"2022-01-24T15:46:50+00:00\" \/>\n<meta property=\"og:image\" content=\"https:\/\/margola.fr\/wp-content\/uploads\/2016\/01\/margola-exterieur2.jpg\" \/>\n<meta name=\"twitter:card\" content=\"summary_large_image\" \/>\n<meta name=\"twitter:label1\" content=\"Est. reading time\" \/>\n\t<meta name=\"twitter:data1\" content=\"1 minutua\" \/>\n<script type=\"application\/ld+json\" class=\"yoast-schema-graph\">{\"@context\":\"https:\\\/\\\/schema.org\",\"@graph\":[{\"@type\":\"WebPage\",\"@id\":\"https:\\\/\\\/margola.fr\\\/une-entreprise-familiale\\\/\",\"url\":\"https:\\\/\\\/margola.fr\\\/une-entreprise-familiale\\\/\",\"name\":\"Une entreprise familiale - MARGOLA, Fabricant de peintures et vernis en PAYS BASQUE depuis 1988\",\"isPartOf\":{\"@id\":\"https:\\\/\\\/margola.fr\\\/#website\"},\"primaryImageOfPage\":{\"@id\":\"https:\\\/\\\/margola.fr\\\/une-entreprise-familiale\\\/#primaryimage\"},\"image\":{\"@id\":\"https:\\\/\\\/margola.fr\\\/une-entreprise-familiale\\\/#primaryimage\"},\"thumbnailUrl\":\"https:\\\/\\\/margola.fr\\\/wp-content\\\/uploads\\\/2016\\\/01\\\/margola-exterieur2.jpg\",\"datePublished\":\"2016-01-28T10:02:23+00:00\",\"dateModified\":\"2022-01-24T15:46:50+00:00\",\"breadcrumb\":{\"@id\":\"https:\\\/\\\/margola.fr\\\/une-entreprise-familiale\\\/#breadcrumb\"},\"inLanguage\":\"eu\",\"potentialAction\":[{\"@type\":\"ReadAction\",\"target\":[\"https:\\\/\\\/margola.fr\\\/une-entreprise-familiale\\\/\"]}]},{\"@type\":\"ImageObject\",\"inLanguage\":\"eu\",\"@id\":\"https:\\\/\\\/margola.fr\\\/une-entreprise-familiale\\\/#primaryimage\",\"url\":\"https:\\\/\\\/margola.fr\\\/wp-content\\\/uploads\\\/2016\\\/01\\\/margola-exterieur2.jpg\",\"contentUrl\":\"https:\\\/\\\/margola.fr\\\/wp-content\\\/uploads\\\/2016\\\/01\\\/margola-exterieur2.jpg\"},{\"@type\":\"BreadcrumbList\",\"@id\":\"https:\\\/\\\/margola.fr\\\/une-entreprise-familiale\\\/#breadcrumb\",\"itemListElement\":[{\"@type\":\"ListItem\",\"position\":1,\"name\":\"Accueil\",\"item\":\"https:\\\/\\\/margola.fr\\\/\"},{\"@type\":\"ListItem\",\"position\":2,\"name\":\"Une entreprise familiale\"}]},{\"@type\":\"WebSite\",\"@id\":\"https:\\\/\\\/margola.fr\\\/#website\",\"url\":\"https:\\\/\\\/margola.fr\\\/\",\"name\":\"MARGOLA, Fabricant de peintures et vernis en PAYS BASQUE depuis 1988\",\"description\":\"\",\"publisher\":{\"@id\":\"https:\\\/\\\/margola.fr\\\/#organization\"},\"potentialAction\":[{\"@type\":\"SearchAction\",\"target\":{\"@type\":\"EntryPoint\",\"urlTemplate\":\"https:\\\/\\\/margola.fr\\\/?s={search_term_string}\"},\"query-input\":{\"@type\":\"PropertyValueSpecification\",\"valueRequired\":true,\"valueName\":\"search_term_string\"}}],\"inLanguage\":\"eu\"},{\"@type\":\"Organization\",\"@id\":\"https:\\\/\\\/margola.fr\\\/#organization\",\"name\":\"MARGOLA\",\"url\":\"https:\\\/\\\/margola.fr\\\/\",\"logo\":{\"@type\":\"ImageObject\",\"inLanguage\":\"eu\",\"@id\":\"https:\\\/\\\/margola.fr\\\/#\\\/schema\\\/logo\\\/image\\\/\",\"url\":\"https:\\\/\\\/i0.wp.com\\\/margola.fr\\\/wp-content\\\/uploads\\\/2022\\\/01\\\/Logo-MARGOLA-Neutre.png?fit=1665%2C543&ssl=1\",\"contentUrl\":\"https:\\\/\\\/i0.wp.com\\\/margola.fr\\\/wp-content\\\/uploads\\\/2022\\\/01\\\/Logo-MARGOLA-Neutre.png?fit=1665%2C543&ssl=1\",\"width\":1665,\"height\":543,\"caption\":\"MARGOLA\"},\"image\":{\"@id\":\"https:\\\/\\\/margola.fr\\\/#\\\/schema\\\/logo\\\/image\\\/\"}}]}<\/script>\n<!-- \/ Yoast SEO plugin. -->","yoast_head_json":{"title":"Une entreprise familiale - MARGOLA, Fabricant de peintures et vernis en PAYS BASQUE depuis 1988","robots":{"index":"index","follow":"follow","max-snippet":"max-snippet:-1","max-image-preview":"max-image-preview:large","max-video-preview":"max-video-preview:-1"},"canonical":"https:\/\/margola.fr\/eu\/une-entreprise-familiale\/","og_locale":"en_US","og_type":"article","og_title":"Une entreprise familiale - MARGOLA, Fabricant de peintures et vernis en PAYS BASQUE depuis 1988","og_description":"Fabrique de peintures et de vernis, Margola est une entreprise familiale bas\u00e9e \u00e0 HASPARREN au PAYS BASQUE. \u2192 \u00a01988 : Cr\u00e9\u00e9e par Pierra AMESTOY, Docteur en chimie. Fort de plusieurs ann\u00e9es d\u2019exp\u00e9riences dans des entreprises locales, il se lance dans un pari os\u00e9, \u00e0 l\u2019\u00e9poque : fonder sa propre entreprise afin de vivre, faire vivre &hellip; Continue reading Une entreprise familiale","og_url":"https:\/\/margola.fr\/eu\/une-entreprise-familiale\/","og_site_name":"MARGOLA, Fabricant de peintures et vernis en PAYS BASQUE depuis 1988","article_modified_time":"2022-01-24T15:46:50+00:00","og_image":[{"url":"https:\/\/margola.fr\/wp-content\/uploads\/2016\/01\/margola-exterieur2.jpg","type":"","width":"","height":""}],"twitter_card":"summary_large_image","twitter_misc":{"Est. reading time":"1 minutua"},"schema":{"@context":"https:\/\/schema.org","@graph":[{"@type":"WebPage","@id":"https:\/\/margola.fr\/une-entreprise-familiale\/","url":"https:\/\/margola.fr\/une-entreprise-familiale\/","name":"Une entreprise familiale - MARGOLA, Fabricant de peintures et vernis en PAYS BASQUE depuis 1988","isPartOf":{"@id":"https:\/\/margola.fr\/#website"},"primaryImageOfPage":{"@id":"https:\/\/margola.fr\/une-entreprise-familiale\/#primaryimage"},"image":{"@id":"https:\/\/margola.fr\/une-entreprise-familiale\/#primaryimage"},"thumbnailUrl":"https:\/\/margola.fr\/wp-content\/uploads\/2016\/01\/margola-exterieur2.jpg","datePublished":"2016-01-28T10:02:23+00:00","dateModified":"2022-01-24T15:46:50+00:00","breadcrumb":{"@id":"https:\/\/margola.fr\/une-entreprise-familiale\/#breadcrumb"},"inLanguage":"eu","potentialAction":[{"@type":"ReadAction","target":["https:\/\/margola.fr\/une-entreprise-familiale\/"]}]},{"@type":"ImageObject","inLanguage":"eu","@id":"https:\/\/margola.fr\/une-entreprise-familiale\/#primaryimage","url":"https:\/\/margola.fr\/wp-content\/uploads\/2016\/01\/margola-exterieur2.jpg","contentUrl":"https:\/\/margola.fr\/wp-content\/uploads\/2016\/01\/margola-exterieur2.jpg"},{"@type":"BreadcrumbList","@id":"https:\/\/margola.fr\/une-entreprise-familiale\/#breadcrumb","itemListElement":[{"@type":"ListItem","position":1,"name":"Accueil","item":"https:\/\/margola.fr\/"},{"@type":"ListItem","position":2,"name":"Une entreprise familiale"}]},{"@type":"WebSite","@id":"https:\/\/margola.fr\/#website","url":"https:\/\/margola.fr\/","name":"MARGOLA, Tindu eta berniza fabrikante 1988az geroztik","description":"","publisher":{"@id":"https:\/\/margola.fr\/#organization"},"potentialAction":[{"@type":"SearchAction","target":{"@type":"EntryPoint","urlTemplate":"https:\/\/margola.fr\/?s={search_term_string}"},"query-input":{"@type":"PropertyValueSpecification","valueRequired":true,"valueName":"search_term_string"}}],"inLanguage":"eu"},{"@type":"Organization","@id":"https:\/\/margola.fr\/#organization","name":"MARGOLA","url":"https:\/\/margola.fr\/","logo":{"@type":"ImageObject","inLanguage":"eu","@id":"https:\/\/margola.fr\/#\/schema\/logo\/image\/","url":"https:\/\/i0.wp.com\/margola.fr\/wp-content\/uploads\/2022\/01\/Logo-MARGOLA-Neutre.png?fit=1665%2C543&ssl=1","contentUrl":"https:\/\/i0.wp.com\/margola.fr\/wp-content\/uploads\/2022\/01\/Logo-MARGOLA-Neutre.png?fit=1665%2C543&ssl=1","width":1665,"height":543,"caption":"MARGOLA"},"image":{"@id":"https:\/\/margola.fr\/#\/schema\/logo\/image\/"}}]}},"jetpack_sharing_enabled":true,"jetpack_shortlink":"https:\/\/wp.me\/P74502-2l","jetpack_likes_enabled":true,"amp_enabled":true,"_links":{"self":[{"href":"https:\/\/margola.fr\/eu\/wp-json\/wp\/v2\/pages\/145","targetHints":{"allow":["GET"]}}],"collection":[{"href":"https:\/\/margola.fr\/eu\/wp-json\/wp\/v2\/pages"}],"about":[{"href":"https:\/\/margola.fr\/eu\/wp-json\/wp\/v2\/types\/page"}],"author":[{"embeddable":true,"href":"https:\/\/margola.fr\/eu\/wp-json\/wp\/v2\/users\/1"}],"replies":[{"embeddable":true,"href":"https:\/\/margola.fr\/eu\/wp-json\/wp\/v2\/comments?post=145"}],"version-history":[{"count":2,"href":"https:\/\/margola.fr\/eu\/wp-json\/wp\/v2\/pages\/145\/revisions"}],"predecessor-version":[{"id":4638,"href":"https:\/\/margola.fr\/eu\/wp-json\/wp\/v2\/pages\/145\/revisions\/4638"}],"wp:attachment":[{"href":"https:\/\/margola.fr\/eu\/wp-json\/wp\/v2\/media?parent=145"}],"curies":[{"name":"wp","href":"https:\/\/api.w.org\/{rel}","templated":true}]}}